{"id":68,"date":"2022-01-11T11:35:11","date_gmt":"2022-01-11T11:35:11","guid":{"rendered":"https:\/\/www.althemist.com\/zass\/product\/product-name-goes-here-copy-copy-copy-copy-copy-copy-copy-copy-copy-copy-copy-copy\/"},"modified":"2026-03-25T19:56:15","modified_gmt":"2026-03-25T19:56:15","slug":"husveti-tojasiro-keszlet","status":"publish","type":"product","link":"https:\/\/mozi.artemispaint.com\/hu\/termek\/husveti-tojasiro-keszlet\/","title":{"rendered":"H\u00fasv\u00e9ti toj\u00e1s\u00edr\u00f3 k\u00e9szlet"},"content":{"rendered":"<p>[vc_row][vc_column][vc_column_text]Az alapanyag csomag seg\u00edts\u00e9g\u00e9vel b\u00e1rki otthon is elk\u00e9sz\u00edtheti saj\u00e1t, vagy aj\u00e1nd\u00e9knak sz\u00e1nt viasszal meg\u00edrt h\u00edmes toj\u00e1s\u00e1t. Az \u00e1ltalunk \u00f6ssze\u00e1ll\u00edtott csomag minden sz\u00fcks\u00e9ges alapanyagot tartalmaz a toj\u00e1s\u00edr\u00e1shoz.<\/p>\n<p><strong>A k\u00e9szlet tartalma:<\/strong><br \/>\n\u2022 2 db kesice (toj\u00e1s\u00edr\u00f3 eszk\u00f6z)<br \/>\n\u2022 2 db toj\u00e1sfest\u00e9k<br \/>\n\u2022 1 db gyertya (a kesic\u00e9ben lev\u0151 m\u00e9hviasz felmeleg\u00edt\u00e9s\u00e9re szolg\u00e1l)<br \/>\n\u2022 1 db m\u00e9hviasz<br \/>\n\u2022 24 db gyimesi minta<br \/>\n\u2022 haszn\u00e1lati utas\u00edt\u00e1s<\/p>\n<p>Haszn\u00e1lat vide\u00f3 seg\u00edts\u00e9g\u00e9vel:<\/p>\n<p>[\/vc_column_text][vc_video link=&#8221;https:\/\/youtu.be\/xDaaHJSAJRw&#8221;][\/vc_column][\/vc_row]<\/p>\n","protected":false},"excerpt":{"rendered":"<p>Az alapanyag csomag seg\u00edts\u00e9g\u00e9vel b\u00e1rki otthon is elk\u00e9sz\u00edtheti saj\u00e1t, vagy aj\u00e1nd\u00e9knak sz\u00e1nt viasszal meg\u00edrt h\u00edmes toj\u00e1s\u00e1t. Az \u00e1ltalunk \u00f6ssze\u00e1ll\u00edtott csomag minden sz\u00fcks\u00e9ges alapanyagot tartalmaz a toj\u00e1s\u00edr\u00e1shoz.<\/p>\n<p><strong>A k\u00e9szlet tartalma:<\/strong><br \/>\n\u2022 2 db kesice (toj\u00e1s\u00edr\u00f3 eszk\u00f6z)<br \/>\n\u2022 2 db toj\u00e1sfest\u00e9k<br \/>\n\u2022 1 db gyertya (a kesic\u00e9ben lev\u0151 m\u00e9hviasz felmeleg\u00edt\u00e9s\u00e9re szolg\u00e1l)<br \/>\n\u2022 1 db m\u00e9hviasz<br \/>\n\u2022 24 db gyimesi minta<br \/>\n\u2022 haszn\u00e1lati utas\u00edt\u00e1s<\/p>\n","protected":false},"featured_media":2204,"comment_status":"open","ping_status":"closed","template":"","meta":[],"product_cat":[15],"product_tag":[],"class_list":{"0":"post-68","1":"product","2":"type-product","3":"status-publish","4":"has-post-thumbnail","6":"product_cat-tojasiras","8":"first","9":"outofstock","10":"featured","11":"shipping-taxable","12":"purchasable","13":"product-type-simple"},"yoast_head":"<!-- This site is optimized with the Yoast SEO Premium plugin v17.2 (Yoast SEO v17.2) - https:\/\/yoast.com\/wordpress\/plugins\/seo\/ -->\n<title>H\u00fasv\u00e9ti toj\u00e1s\u00edr\u00f3 k\u00e9szlet - Toj\u00e1s\u00edr\u00f3, toj\u00e1s\u00edr\u00f3ka v\u00e1s\u00e1rl\u00e1s, toj\u00e1s\u00edr\u00f3 k\u00e9s, \u00edr\u00f3k\u00e9s v\u00e1s\u00e1rl\u00e1s<\/title>\n<meta name=\"description\" content=\"toj\u00e1s\u00edr\u00f3, toj\u00e1s\u00edr\u00f3ka v\u00e1s\u00e1rl\u00e1s, toj\u00e1s\u00edr\u00f3 k\u00e9s, \u00edr\u00f3k\u00e9s v\u00e1s\u00e1rl\u00e1s, \u00edr\u00f3k\u00e9s, toj\u00e1s fest\u00e9s, toj\u00e1s rajzol\u00e1s, viaszos toj\u00e1sfest\u00e9s\" \/>\n<meta name=\"robots\" content=\"index, follow, max-snippet:-1, max-image-preview:large, max-video-preview:-1\" \/>\n<link rel=\"canonical\" href=\"https:\/\/mozi.artemispaint.com\/hu\/termek\/husveti-tojasiro-keszlet\/\" \/>\n<meta property=\"og:locale\" content=\"hu_HU\" \/>\n<meta property=\"og:type\" content=\"article\" \/>\n<meta property=\"og:title\" content=\"H\u00fasv\u00e9ti toj\u00e1s\u00edr\u00f3 k\u00e9szlet\" \/>\n<meta property=\"og:description\" content=\"Az alapanyag csomag seg\u00edts\u00e9g\u00e9vel b\u00e1rki otthon is elk\u00e9sz\u00edtheti saj\u00e1t, vagy aj\u00e1nd\u00e9knak sz\u00e1nt viasszal meg\u00edrt h\u00edmes toj\u00e1s\u00e1t. Az \u00e1ltalunk \u00f6ssze\u00e1ll\u00edtott csomag minden sz\u00fcks\u00e9ges alapanyagot tartalmaz a toj\u00e1s\u00edr\u00e1shoz.\" \/>\n<meta property=\"og:url\" content=\"https:\/\/mozi.artemispaint.com\/hu\/termek\/husveti-tojasiro-keszlet\/\" \/>\n<meta property=\"og:site_name\" content=\"Mozi Art\" \/>\n<meta property=\"article:modified_time\" content=\"2026-03-25T19:56:15+00:00\" \/>\n<meta name=\"twitter:card\" content=\"summary_large_image\" \/>\n<meta name=\"twitter:title\" content=\"H\u00fasv\u00e9ti toj\u00e1s\u00edr\u00f3 k\u00e9szlet\" \/>\n<meta name=\"twitter:description\" content=\"Az alapanyag csomag seg\u00edts\u00e9g\u00e9vel b\u00e1rki otthon is elk\u00e9sz\u00edtheti saj\u00e1t, vagy aj\u00e1nd\u00e9knak sz\u00e1nt viasszal meg\u00edrt h\u00edmes toj\u00e1s\u00e1t. Az \u00e1ltalunk \u00f6ssze\u00e1ll\u00edtott csomag minden sz\u00fcks\u00e9ges alapanyagot tartalmaz a toj\u00e1s\u00edr\u00e1shoz.\" \/>\n<meta name=\"twitter:image\" content=\"https:\/\/mozi.artemispaint.com\/wp-content\/uploads\/tojasiro-szett-2-1.jpg\" \/>\n<meta name=\"twitter:label1\" content=\"Becs\u00fclt olvas\u00e1si id\u0151\" \/>\n\t<meta name=\"twitter:data1\" content=\"1 perc\" \/>\n<script type=\"application\/ld+json\" class=\"yoast-schema-graph\">{\"@context\":\"https:\/\/schema.org\",\"@graph\":[{\"@type\":\"WebSite\",\"@id\":\"https:\/\/mozi.artemispaint.com\/#website\",\"url\":\"https:\/\/mozi.artemispaint.com\/\",\"name\":\"Mozi Art\",\"description\":\"Egy \\u00fajabb WordPress honlap\",\"potentialAction\":[{\"@type\":\"SearchAction\",\"target\":{\"@type\":\"EntryPoint\",\"urlTemplate\":\"https:\/\/mozi.artemispaint.com\/?s={search_term_string}\"},\"query-input\":\"required name=search_term_string\"}],\"inLanguage\":\"hu\"},{\"@type\":\"ImageObject\",\"@id\":\"https:\/\/mozi.artemispaint.com\/hu\/termek\/husveti-tojasiro-keszlet\/#primaryimage\",\"inLanguage\":\"hu\",\"url\":\"\",\"contentUrl\":\"\"},{\"@type\":\"WebPage\",\"@id\":\"https:\/\/mozi.artemispaint.com\/hu\/termek\/husveti-tojasiro-keszlet\/#webpage\",\"url\":\"https:\/\/mozi.artemispaint.com\/hu\/termek\/husveti-tojasiro-keszlet\/\",\"name\":\"H\\u00fasv\\u00e9ti toj\\u00e1s\\u00edr\\u00f3 k\\u00e9szlet - Toj\\u00e1s\\u00edr\\u00f3, toj\\u00e1s\\u00edr\\u00f3ka v\\u00e1s\\u00e1rl\\u00e1s, toj\\u00e1s\\u00edr\\u00f3 k\\u00e9s, \\u00edr\\u00f3k\\u00e9s v\\u00e1s\\u00e1rl\\u00e1s\",\"isPartOf\":{\"@id\":\"https:\/\/mozi.artemispaint.com\/#website\"},\"primaryImageOfPage\":{\"@id\":\"https:\/\/mozi.artemispaint.com\/hu\/termek\/husveti-tojasiro-keszlet\/#primaryimage\"},\"datePublished\":\"2022-01-11T11:35:11+00:00\",\"dateModified\":\"2026-03-25T19:56:15+00:00\",\"description\":\"toj\\u00e1s\\u00edr\\u00f3, toj\\u00e1s\\u00edr\\u00f3ka v\\u00e1s\\u00e1rl\\u00e1s, toj\\u00e1s\\u00edr\\u00f3 k\\u00e9s, \\u00edr\\u00f3k\\u00e9s v\\u00e1s\\u00e1rl\\u00e1s, \\u00edr\\u00f3k\\u00e9s, toj\\u00e1s fest\\u00e9s, toj\\u00e1s rajzol\\u00e1s, viaszos toj\\u00e1sfest\\u00e9s\",\"breadcrumb\":{\"@id\":\"https:\/\/mozi.artemispaint.com\/hu\/termek\/husveti-tojasiro-keszlet\/#breadcrumb\"},\"inLanguage\":\"hu\",\"potentialAction\":[{\"@type\":\"ReadAction\",\"target\":[\"https:\/\/mozi.artemispaint.com\/hu\/termek\/husveti-tojasiro-keszlet\/\"]}]},{\"@type\":\"BreadcrumbList\",\"@id\":\"https:\/\/mozi.artemispaint.com\/hu\/termek\/husveti-tojasiro-keszlet\/#breadcrumb\",\"itemListElement\":[{\"@type\":\"ListItem\",\"position\":1,\"name\":\"Home\",\"item\":\"https:\/\/mozi.artemispaint.com\/hu\/\"},{\"@type\":\"ListItem\",\"position\":2,\"name\":\"Shop Full Width\",\"item\":\"https:\/\/mozi.artemispaint.com\/shop-full-width\/\"},{\"@type\":\"ListItem\",\"position\":3,\"name\":\"H\\u00fasv\\u00e9ti toj\\u00e1s\\u00edr\\u00f3 k\\u00e9szlet\"}]}]}<\/script>\n<!-- \/ Yoast SEO Premium plugin. -->","yoast_head_json":{"title":"H\u00fasv\u00e9ti toj\u00e1s\u00edr\u00f3 k\u00e9szlet - Toj\u00e1s\u00edr\u00f3, toj\u00e1s\u00edr\u00f3ka v\u00e1s\u00e1rl\u00e1s, toj\u00e1s\u00edr\u00f3 k\u00e9s, \u00edr\u00f3k\u00e9s v\u00e1s\u00e1rl\u00e1s","description":"toj\u00e1s\u00edr\u00f3, toj\u00e1s\u00edr\u00f3ka v\u00e1s\u00e1rl\u00e1s, toj\u00e1s\u00edr\u00f3 k\u00e9s, \u00edr\u00f3k\u00e9s v\u00e1s\u00e1rl\u00e1s, \u00edr\u00f3k\u00e9s, toj\u00e1s fest\u00e9s, toj\u00e1s rajzol\u00e1s, viaszos toj\u00e1sfest\u00e9s","robots":{"index":"index","follow":"follow","max-snippet":"max-snippet:-1","max-image-preview":"max-image-preview:large","max-video-preview":"max-video-preview:-1"},"canonical":"https:\/\/mozi.artemispaint.com\/hu\/termek\/husveti-tojasiro-keszlet\/","og_locale":"hu_HU","og_type":"article","og_title":"H\u00fasv\u00e9ti toj\u00e1s\u00edr\u00f3 k\u00e9szlet","og_description":"Az alapanyag csomag seg\u00edts\u00e9g\u00e9vel b\u00e1rki otthon is elk\u00e9sz\u00edtheti saj\u00e1t, vagy aj\u00e1nd\u00e9knak sz\u00e1nt viasszal meg\u00edrt h\u00edmes toj\u00e1s\u00e1t. Az \u00e1ltalunk \u00f6ssze\u00e1ll\u00edtott csomag minden sz\u00fcks\u00e9ges alapanyagot tartalmaz a toj\u00e1s\u00edr\u00e1shoz.","og_url":"https:\/\/mozi.artemispaint.com\/hu\/termek\/husveti-tojasiro-keszlet\/","og_site_name":"Mozi Art","article_modified_time":"2026-03-25T19:56:15+00:00","twitter_card":"summary_large_image","twitter_title":"H\u00fasv\u00e9ti toj\u00e1s\u00edr\u00f3 k\u00e9szlet","twitter_description":"Az alapanyag csomag seg\u00edts\u00e9g\u00e9vel b\u00e1rki otthon is elk\u00e9sz\u00edtheti saj\u00e1t, vagy aj\u00e1nd\u00e9knak sz\u00e1nt viasszal meg\u00edrt h\u00edmes toj\u00e1s\u00e1t. Az \u00e1ltalunk \u00f6ssze\u00e1ll\u00edtott csomag minden sz\u00fcks\u00e9ges alapanyagot tartalmaz a toj\u00e1s\u00edr\u00e1shoz.","twitter_image":"https:\/\/mozi.artemispaint.com\/wp-content\/uploads\/tojasiro-szett-2-1.jpg","twitter_misc":{"Becs\u00fclt olvas\u00e1si id\u0151":"1 perc"},"schema":{"@context":"https:\/\/schema.org","@graph":[{"@type":"WebSite","@id":"https:\/\/mozi.artemispaint.com\/#website","url":"https:\/\/mozi.artemispaint.com\/","name":"Mozi Art","description":"Egy \u00fajabb WordPress honlap","potentialAction":[{"@type":"SearchAction","target":{"@type":"EntryPoint","urlTemplate":"https:\/\/mozi.artemispaint.com\/?s={search_term_string}"},"query-input":"required name=search_term_string"}],"inLanguage":"hu"},{"@type":"ImageObject","@id":"https:\/\/mozi.artemispaint.com\/hu\/termek\/husveti-tojasiro-keszlet\/#primaryimage","inLanguage":"hu","url":"","contentUrl":""},{"@type":"WebPage","@id":"https:\/\/mozi.artemispaint.com\/hu\/termek\/husveti-tojasiro-keszlet\/#webpage","url":"https:\/\/mozi.artemispaint.com\/hu\/termek\/husveti-tojasiro-keszlet\/","name":"H\u00fasv\u00e9ti toj\u00e1s\u00edr\u00f3 k\u00e9szlet - Toj\u00e1s\u00edr\u00f3, toj\u00e1s\u00edr\u00f3ka v\u00e1s\u00e1rl\u00e1s, toj\u00e1s\u00edr\u00f3 k\u00e9s, \u00edr\u00f3k\u00e9s v\u00e1s\u00e1rl\u00e1s","isPartOf":{"@id":"https:\/\/mozi.artemispaint.com\/#website"},"primaryImageOfPage":{"@id":"https:\/\/mozi.artemispaint.com\/hu\/termek\/husveti-tojasiro-keszlet\/#primaryimage"},"datePublished":"2022-01-11T11:35:11+00:00","dateModified":"2026-03-25T19:56:15+00:00","description":"toj\u00e1s\u00edr\u00f3, toj\u00e1s\u00edr\u00f3ka v\u00e1s\u00e1rl\u00e1s, toj\u00e1s\u00edr\u00f3 k\u00e9s, \u00edr\u00f3k\u00e9s v\u00e1s\u00e1rl\u00e1s, \u00edr\u00f3k\u00e9s, toj\u00e1s fest\u00e9s, toj\u00e1s rajzol\u00e1s, viaszos toj\u00e1sfest\u00e9s","breadcrumb":{"@id":"https:\/\/mozi.artemispaint.com\/hu\/termek\/husveti-tojasiro-keszlet\/#breadcrumb"},"inLanguage":"hu","potentialAction":[{"@type":"ReadAction","target":["https:\/\/mozi.artemispaint.com\/hu\/termek\/husveti-tojasiro-keszlet\/"]}]},{"@type":"BreadcrumbList","@id":"https:\/\/mozi.artemispaint.com\/hu\/termek\/husveti-tojasiro-keszlet\/#breadcrumb","itemListElement":[{"@type":"ListItem","position":1,"name":"Home","item":"https:\/\/mozi.artemispaint.com\/hu\/"},{"@type":"ListItem","position":2,"name":"Shop Full Width","item":"https:\/\/mozi.artemispaint.com\/shop-full-width\/"},{"@type":"ListItem","position":3,"name":"H\u00fasv\u00e9ti toj\u00e1s\u00edr\u00f3 k\u00e9szlet"}]}]}},"_links":{"self":[{"href":"https:\/\/mozi.artemispaint.com\/hu\/wp-json\/wp\/v2\/product\/68","targetHints":{"allow":["GET"]}}],"collection":[{"href":"https:\/\/mozi.artemispaint.com\/hu\/wp-json\/wp\/v2\/product"}],"about":[{"href":"https:\/\/mozi.artemispaint.com\/hu\/wp-json\/wp\/v2\/types\/product"}],"replies":[{"embeddable":true,"href":"https:\/\/mozi.artemispaint.com\/hu\/wp-json\/wp\/v2\/comments?post=68"}],"wp:featuredmedia":[{"embeddable":true,"href":"https:\/\/mozi.artemispaint.com\/hu\/wp-json\/wp\/v2\/media\/2204"}],"wp:attachment":[{"href":"https:\/\/mozi.artemispaint.com\/hu\/wp-json\/wp\/v2\/media?parent=68"}],"wp:term":[{"taxonomy":"product_cat","embeddable":true,"href":"https:\/\/mozi.artemispaint.com\/hu\/wp-json\/wp\/v2\/product_cat?post=68"},{"taxonomy":"product_tag","embeddable":true,"href":"https:\/\/mozi.artemispaint.com\/hu\/wp-json\/wp\/v2\/product_tag?post=68"}],"curies":[{"name":"wp","href":"https:\/\/api.w.org\/{rel}","templated":true}]}}