{"id":2476,"date":"2025-01-13T09:35:04","date_gmt":"2025-01-13T09:35:04","guid":{"rendered":"https:\/\/mozi.artemispaint.com\/?post_type=product&#038;p=2476"},"modified":"2025-04-12T20:19:51","modified_gmt":"2025-04-12T20:19:51","slug":"viasz-gyertya-26x3-cm","status":"publish","type":"product","link":"https:\/\/mozi.artemispaint.com\/hu\/termek\/viasz-gyertya-26x3-cm\/","title":{"rendered":"Viasz gyertya 26&#215;3 cm"},"content":{"rendered":"<p style=\"text-align: justify;\">A gyertya m\u00e9rete 26 cm magas, \u00e1tm\u00e9r\u0151je 3 cm.<\/p>\n<p style=\"text-align: justify;\">\u00c9g\u00e9si ideje garant\u00e1ltan 16 \u00f3ra. A gyertya cseppmentesen \u00e9g.\u00a0 M\u00e9hviaszb\u00f3l k\u00e9sz\u00fcl, felcsavarva.<\/p>\n","protected":false},"excerpt":{"rendered":"<p>A gyertya m\u00e9rete 26 cm magas, \u00e1tm\u00e9r\u0151je 3 cm.<\/p>\n<p>\u00c9g\u00e9si ideje garant\u00e1ltan 16 \u00f3ra. A gyertya cseppmentesen \u00e9g.\u00a0 M\u00e9hviaszb\u00f3l k\u00e9sz\u00fcl, felcsavarva.<\/p>\n","protected":false},"featured_media":2449,"comment_status":"open","ping_status":"closed","template":"","meta":[],"product_cat":[15],"product_tag":[],"class_list":{"0":"post-2476","1":"product","2":"type-product","3":"status-publish","4":"has-post-thumbnail","6":"product_cat-tojasiras","8":"first","9":"outofstock","10":"featured","11":"shipping-taxable","12":"purchasable","13":"product-type-simple"},"yoast_head":"<!-- This site is optimized with the Yoast SEO Premium plugin v17.2 (Yoast SEO v17.2) - https:\/\/yoast.com\/wordpress\/plugins\/seo\/ -->\n<title>Viasz gyertya - Toj\u00e1s\u00edr\u00f3, toj\u00e1s\u00edr\u00f3ka v\u00e1s\u00e1rl\u00e1s, toj\u00e1s\u00edr\u00f3 k\u00e9s, \u00edr\u00f3k\u00e9s v\u00e1s\u00e1rl\u00e1s<\/title>\n<meta name=\"description\" content=\"toj\u00e1s\u00edr\u00f3, toj\u00e1s\u00edr\u00f3ka v\u00e1s\u00e1rl\u00e1s, toj\u00e1s\u00edr\u00f3 k\u00e9s, \u00edr\u00f3k\u00e9s v\u00e1s\u00e1rl\u00e1s, \u00edr\u00f3k\u00e9s, toj\u00e1s fest\u00e9s, toj\u00e1s rajzol\u00e1s, viaszos toj\u00e1sfest\u00e9s\" \/>\n<meta name=\"robots\" content=\"index, follow, max-snippet:-1, max-image-preview:large, max-video-preview:-1\" \/>\n<link rel=\"canonical\" href=\"https:\/\/mozi.artemispaint.com\/hu\/termek\/viasz-gyertya-26x3-cm\/\" \/>\n<meta property=\"og:locale\" content=\"hu_HU\" \/>\n<meta property=\"og:type\" content=\"article\" \/>\n<meta property=\"og:title\" content=\"Gyertya - Toj\u00e1s\u00edr\u00f3, toj\u00e1s\u00edr\u00f3ka v\u00e1s\u00e1rl\u00e1s, toj\u00e1s\u00edr\u00f3 k\u00e9s, \u00edr\u00f3k\u00e9s v\u00e1s\u00e1rl\u00e1s\" \/>\n<meta property=\"og:description\" content=\"Gyertya - Toj\u00e1s\u00edr\u00f3,A gyertya m\u00e9rete 7cm magas, \u00e1tm\u00e9r\u0151je 3,5 cm, sz\u00edne v\u00e1ltozik az aktu\u00e1lis k\u00e9szlet szerint (r\u00f3zsasz\u00edn, feh\u00e9r, lila stb). toj\u00e1s\u00edr\u00f3ka v\u00e1s\u00e1rl\u00e1s, toj\u00e1s\u00edr\u00f3 k\u00e9s, \u00edr\u00f3k\u00e9s v\u00e1s\u00e1rl\u00e1s\" \/>\n<meta property=\"og:url\" content=\"https:\/\/mozi.artemispaint.com\/hu\/termek\/viasz-gyertya-26x3-cm\/\" \/>\n<meta property=\"og:site_name\" content=\"Mozi Art\" \/>\n<meta property=\"article:modified_time\" content=\"2025-04-12T20:19:51+00:00\" \/>\n<meta property=\"og:image\" content=\"https:\/\/mozi.artemispaint.com\/wp-content\/uploads\/tojasiro-gyertya.jpg\" \/>\n\t<meta property=\"og:image:width\" content=\"900\" \/>\n\t<meta property=\"og:image:height\" content=\"900\" \/>\n<meta name=\"twitter:card\" content=\"summary_large_image\" \/>\n<meta name=\"twitter:title\" content=\"Viasz gyertya 26x3 cm Gyertya - Toj\u00e1s\u00edr\u00f3, toj\u00e1s\u00edr\u00f3ka v\u00e1s\u00e1rl\u00e1s, toj\u00e1s\u00edr\u00f3 k\u00e9s, \u00edr\u00f3k\u00e9s v\u00e1s\u00e1rl\u00e1s\" \/>\n<meta name=\"twitter:description\" content=\"A gyertya m\u00e9rete 7cm magas, \u00e1tm\u00e9r\u0151je 3,5 cm, sz\u00edne v\u00e1ltozik az aktu\u00e1lis k\u00e9szlet szerint (r\u00f3zsasz\u00edn, feh\u00e9r, lila stb).\" \/>\n<script type=\"application\/ld+json\" class=\"yoast-schema-graph\">{\"@context\":\"https:\/\/schema.org\",\"@graph\":[{\"@type\":\"WebSite\",\"@id\":\"https:\/\/mozi.artemispaint.com\/#website\",\"url\":\"https:\/\/mozi.artemispaint.com\/\",\"name\":\"Mozi Art\",\"description\":\"Egy \\u00fajabb WordPress honlap\",\"potentialAction\":[{\"@type\":\"SearchAction\",\"target\":{\"@type\":\"EntryPoint\",\"urlTemplate\":\"https:\/\/mozi.artemispaint.com\/?s={search_term_string}\"},\"query-input\":\"required name=search_term_string\"}],\"inLanguage\":\"hu\"},{\"@type\":\"ImageObject\",\"@id\":\"https:\/\/mozi.artemispaint.com\/hu\/termek\/viasz-gyertya-26x3-cm\/#primaryimage\",\"inLanguage\":\"hu\",\"url\":\"https:\/\/mozi.artemispaint.com\/wp-content\/uploads\/tojasiro-gyertya.jpg\",\"contentUrl\":\"https:\/\/mozi.artemispaint.com\/wp-content\/uploads\/tojasiro-gyertya.jpg\",\"width\":900,\"height\":900},{\"@type\":\"WebPage\",\"@id\":\"https:\/\/mozi.artemispaint.com\/hu\/termek\/viasz-gyertya-26x3-cm\/#webpage\",\"url\":\"https:\/\/mozi.artemispaint.com\/hu\/termek\/viasz-gyertya-26x3-cm\/\",\"name\":\"Viasz gyertya - Toj\\u00e1s\\u00edr\\u00f3, toj\\u00e1s\\u00edr\\u00f3ka v\\u00e1s\\u00e1rl\\u00e1s, toj\\u00e1s\\u00edr\\u00f3 k\\u00e9s, \\u00edr\\u00f3k\\u00e9s v\\u00e1s\\u00e1rl\\u00e1s\",\"isPartOf\":{\"@id\":\"https:\/\/mozi.artemispaint.com\/#website\"},\"primaryImageOfPage\":{\"@id\":\"https:\/\/mozi.artemispaint.com\/hu\/termek\/viasz-gyertya-26x3-cm\/#primaryimage\"},\"datePublished\":\"2025-01-13T09:35:04+00:00\",\"dateModified\":\"2025-04-12T20:19:51+00:00\",\"description\":\"toj\\u00e1s\\u00edr\\u00f3, toj\\u00e1s\\u00edr\\u00f3ka v\\u00e1s\\u00e1rl\\u00e1s, toj\\u00e1s\\u00edr\\u00f3 k\\u00e9s, \\u00edr\\u00f3k\\u00e9s v\\u00e1s\\u00e1rl\\u00e1s, \\u00edr\\u00f3k\\u00e9s, toj\\u00e1s fest\\u00e9s, toj\\u00e1s rajzol\\u00e1s, viaszos toj\\u00e1sfest\\u00e9s\",\"breadcrumb\":{\"@id\":\"https:\/\/mozi.artemispaint.com\/hu\/termek\/viasz-gyertya-26x3-cm\/#breadcrumb\"},\"inLanguage\":\"hu\",\"potentialAction\":[{\"@type\":\"ReadAction\",\"target\":[\"https:\/\/mozi.artemispaint.com\/hu\/termek\/viasz-gyertya-26x3-cm\/\"]}]},{\"@type\":\"BreadcrumbList\",\"@id\":\"https:\/\/mozi.artemispaint.com\/hu\/termek\/viasz-gyertya-26x3-cm\/#breadcrumb\",\"itemListElement\":[{\"@type\":\"ListItem\",\"position\":1,\"name\":\"Home\",\"item\":\"https:\/\/mozi.artemispaint.com\/hu\/\"},{\"@type\":\"ListItem\",\"position\":2,\"name\":\"Shop Full Width\",\"item\":\"https:\/\/mozi.artemispaint.com\/shop-full-width\/\"},{\"@type\":\"ListItem\",\"position\":3,\"name\":\"Viasz gyertya 26&#215;3 cm\"}]}]}<\/script>\n<!-- \/ Yoast SEO Premium plugin. -->","yoast_head_json":{"title":"Viasz gyertya - Toj\u00e1s\u00edr\u00f3, toj\u00e1s\u00edr\u00f3ka v\u00e1s\u00e1rl\u00e1s, toj\u00e1s\u00edr\u00f3 k\u00e9s, \u00edr\u00f3k\u00e9s v\u00e1s\u00e1rl\u00e1s","description":"toj\u00e1s\u00edr\u00f3, toj\u00e1s\u00edr\u00f3ka v\u00e1s\u00e1rl\u00e1s, toj\u00e1s\u00edr\u00f3 k\u00e9s, \u00edr\u00f3k\u00e9s v\u00e1s\u00e1rl\u00e1s, \u00edr\u00f3k\u00e9s, toj\u00e1s fest\u00e9s, toj\u00e1s rajzol\u00e1s, viaszos toj\u00e1sfest\u00e9s","robots":{"index":"index","follow":"follow","max-snippet":"max-snippet:-1","max-image-preview":"max-image-preview:large","max-video-preview":"max-video-preview:-1"},"canonical":"https:\/\/mozi.artemispaint.com\/hu\/termek\/viasz-gyertya-26x3-cm\/","og_locale":"hu_HU","og_type":"article","og_title":"Gyertya - Toj\u00e1s\u00edr\u00f3, toj\u00e1s\u00edr\u00f3ka v\u00e1s\u00e1rl\u00e1s, toj\u00e1s\u00edr\u00f3 k\u00e9s, \u00edr\u00f3k\u00e9s v\u00e1s\u00e1rl\u00e1s","og_description":"Gyertya - Toj\u00e1s\u00edr\u00f3,A gyertya m\u00e9rete 7cm magas, \u00e1tm\u00e9r\u0151je 3,5 cm, sz\u00edne v\u00e1ltozik az aktu\u00e1lis k\u00e9szlet szerint (r\u00f3zsasz\u00edn, feh\u00e9r, lila stb). toj\u00e1s\u00edr\u00f3ka v\u00e1s\u00e1rl\u00e1s, toj\u00e1s\u00edr\u00f3 k\u00e9s, \u00edr\u00f3k\u00e9s v\u00e1s\u00e1rl\u00e1s","og_url":"https:\/\/mozi.artemispaint.com\/hu\/termek\/viasz-gyertya-26x3-cm\/","og_site_name":"Mozi Art","article_modified_time":"2025-04-12T20:19:51+00:00","og_image":[{"width":900,"height":900,"filesize":115526,"url":"https:\/\/mozi.artemispaint.com\/wp-content\/uploads\/tojasiro-gyertya.jpg","path":"\/home\/artemispaint\/mozi.artemispaint.com\/wp-content\/uploads\/tojasiro-gyertya.jpg","size":"full","id":"1409","alt":"","pixels":810000,"type":"image\/jpeg"}],"twitter_card":"summary_large_image","twitter_title":"Viasz gyertya 26x3 cm Gyertya - Toj\u00e1s\u00edr\u00f3, toj\u00e1s\u00edr\u00f3ka v\u00e1s\u00e1rl\u00e1s, toj\u00e1s\u00edr\u00f3 k\u00e9s, \u00edr\u00f3k\u00e9s v\u00e1s\u00e1rl\u00e1s","twitter_description":"A gyertya m\u00e9rete 7cm magas, \u00e1tm\u00e9r\u0151je 3,5 cm, sz\u00edne v\u00e1ltozik az aktu\u00e1lis k\u00e9szlet szerint (r\u00f3zsasz\u00edn, feh\u00e9r, lila stb).","schema":{"@context":"https:\/\/schema.org","@graph":[{"@type":"WebSite","@id":"https:\/\/mozi.artemispaint.com\/#website","url":"https:\/\/mozi.artemispaint.com\/","name":"Mozi Art","description":"Egy \u00fajabb WordPress honlap","potentialAction":[{"@type":"SearchAction","target":{"@type":"EntryPoint","urlTemplate":"https:\/\/mozi.artemispaint.com\/?s={search_term_string}"},"query-input":"required name=search_term_string"}],"inLanguage":"hu"},{"@type":"ImageObject","@id":"https:\/\/mozi.artemispaint.com\/hu\/termek\/viasz-gyertya-26x3-cm\/#primaryimage","inLanguage":"hu","url":"https:\/\/mozi.artemispaint.com\/wp-content\/uploads\/tojasiro-gyertya.jpg","contentUrl":"https:\/\/mozi.artemispaint.com\/wp-content\/uploads\/tojasiro-gyertya.jpg","width":900,"height":900},{"@type":"WebPage","@id":"https:\/\/mozi.artemispaint.com\/hu\/termek\/viasz-gyertya-26x3-cm\/#webpage","url":"https:\/\/mozi.artemispaint.com\/hu\/termek\/viasz-gyertya-26x3-cm\/","name":"Viasz gyertya - Toj\u00e1s\u00edr\u00f3, toj\u00e1s\u00edr\u00f3ka v\u00e1s\u00e1rl\u00e1s, toj\u00e1s\u00edr\u00f3 k\u00e9s, \u00edr\u00f3k\u00e9s v\u00e1s\u00e1rl\u00e1s","isPartOf":{"@id":"https:\/\/mozi.artemispaint.com\/#website"},"primaryImageOfPage":{"@id":"https:\/\/mozi.artemispaint.com\/hu\/termek\/viasz-gyertya-26x3-cm\/#primaryimage"},"datePublished":"2025-01-13T09:35:04+00:00","dateModified":"2025-04-12T20:19:51+00:00","description":"toj\u00e1s\u00edr\u00f3, toj\u00e1s\u00edr\u00f3ka v\u00e1s\u00e1rl\u00e1s, toj\u00e1s\u00edr\u00f3 k\u00e9s, \u00edr\u00f3k\u00e9s v\u00e1s\u00e1rl\u00e1s, \u00edr\u00f3k\u00e9s, toj\u00e1s fest\u00e9s, toj\u00e1s rajzol\u00e1s, viaszos toj\u00e1sfest\u00e9s","breadcrumb":{"@id":"https:\/\/mozi.artemispaint.com\/hu\/termek\/viasz-gyertya-26x3-cm\/#breadcrumb"},"inLanguage":"hu","potentialAction":[{"@type":"ReadAction","target":["https:\/\/mozi.artemispaint.com\/hu\/termek\/viasz-gyertya-26x3-cm\/"]}]},{"@type":"BreadcrumbList","@id":"https:\/\/mozi.artemispaint.com\/hu\/termek\/viasz-gyertya-26x3-cm\/#breadcrumb","itemListElement":[{"@type":"ListItem","position":1,"name":"Home","item":"https:\/\/mozi.artemispaint.com\/hu\/"},{"@type":"ListItem","position":2,"name":"Shop Full Width","item":"https:\/\/mozi.artemispaint.com\/shop-full-width\/"},{"@type":"ListItem","position":3,"name":"Viasz gyertya 26&#215;3 cm"}]}]}},"_links":{"self":[{"href":"https:\/\/mozi.artemispaint.com\/hu\/wp-json\/wp\/v2\/product\/2476","targetHints":{"allow":["GET"]}}],"collection":[{"href":"https:\/\/mozi.artemispaint.com\/hu\/wp-json\/wp\/v2\/product"}],"about":[{"href":"https:\/\/mozi.artemispaint.com\/hu\/wp-json\/wp\/v2\/types\/product"}],"replies":[{"embeddable":true,"href":"https:\/\/mozi.artemispaint.com\/hu\/wp-json\/wp\/v2\/comments?post=2476"}],"wp:featuredmedia":[{"embeddable":true,"href":"https:\/\/mozi.artemispaint.com\/hu\/wp-json\/wp\/v2\/media\/2449"}],"wp:attachment":[{"href":"https:\/\/mozi.artemispaint.com\/hu\/wp-json\/wp\/v2\/media?parent=2476"}],"wp:term":[{"taxonomy":"product_cat","embeddable":true,"href":"https:\/\/mozi.artemispaint.com\/hu\/wp-json\/wp\/v2\/product_cat?post=2476"},{"taxonomy":"product_tag","embeddable":true,"href":"https:\/\/mozi.artemispaint.com\/hu\/wp-json\/wp\/v2\/product_tag?post=2476"}],"curies":[{"name":"wp","href":"https:\/\/api.w.org\/{rel}","templated":true}]}}