{"id":1414,"date":"2022-01-11T20:50:30","date_gmt":"2022-01-11T20:50:30","guid":{"rendered":"https:\/\/mozi.artemispaint.com\/?post_type=product&#038;p=1414"},"modified":"2026-03-25T19:50:20","modified_gmt":"2026-03-25T19:50:20","slug":"mehviasz","status":"publish","type":"product","link":"https:\/\/mozi.artemispaint.com\/hu\/termek\/mehviasz\/","title":{"rendered":"M\u00e9hviasz"},"content":{"rendered":"<p style=\"text-align: justify;\">Val\u00f3di, hamis\u00edtatlan illat\u00fa \u00e9s sz\u00edn\u0171 m\u00e9hviaszlap, mely 35 C fokon olvad, m\u00e9rete 10,5 x13,5 cm. T\u00f6k\u00e9letesen alkalmas a toj\u00e1s\u00edr\u00e1shoz, otthoni k\u00e9zm\u0171vesked\u00e9shez a gyerekekkel, unok\u00e1kkal vagy \u00f6nmagunk sz\u00f3rakoztat\u00e1s\u00e1ra.<\/p>\n","protected":false},"excerpt":{"rendered":"<p style=\"text-align: justify;\">Val\u00f3di, hamis\u00edtatlan illat\u00fa \u00e9s sz\u00edn\u0171 m\u00e9hviaszlap, mely 35 C fokon olvad, m\u00e9rete 10,5 x13,5 cm. T\u00f6k\u00e9letesen alkalmas a toj\u00e1s\u00edr\u00e1shoz, otthoni k\u00e9zm\u0171vesked\u00e9shez a gyerekekkel, unok\u00e1kkal vagy \u00f6nmagunk sz\u00f3rakoztat\u00e1s\u00e1ra.<\/p>\n","protected":false},"featured_media":1412,"comment_status":"open","ping_status":"closed","template":"","meta":[],"product_cat":[15],"product_tag":[],"class_list":{"0":"post-1414","1":"product","2":"type-product","3":"status-publish","4":"has-post-thumbnail","6":"product_cat-tojasiras","8":"first","9":"outofstock","10":"featured","11":"shipping-taxable","12":"purchasable","13":"product-type-simple"},"yoast_head":"<!-- This site is optimized with the Yoast SEO Premium plugin v17.2 (Yoast SEO v17.2) - https:\/\/yoast.com\/wordpress\/plugins\/seo\/ -->\n<title>M\u00e9hviasz - Toj\u00e1s\u00edr\u00f3, toj\u00e1s\u00edr\u00f3ka v\u00e1s\u00e1rl\u00e1s, toj\u00e1s\u00edr\u00f3 k\u00e9s, \u00edr\u00f3k\u00e9s v\u00e1s\u00e1rl\u00e1s<\/title>\n<meta name=\"description\" content=\"toj\u00e1s\u00edr\u00f3, toj\u00e1s\u00edr\u00f3ka v\u00e1s\u00e1rl\u00e1s, toj\u00e1s\u00edr\u00f3 k\u00e9s, \u00edr\u00f3k\u00e9s v\u00e1s\u00e1rl\u00e1s, \u00edr\u00f3k\u00e9s, toj\u00e1s fest\u00e9s, toj\u00e1s rajzol\u00e1s, viaszos toj\u00e1sfest\u00e9s\" \/>\n<meta name=\"robots\" content=\"index, follow, max-snippet:-1, max-image-preview:large, max-video-preview:-1\" \/>\n<link rel=\"canonical\" href=\"https:\/\/mozi.artemispaint.com\/hu\/termek\/mehviasz\/\" \/>\n<meta property=\"og:locale\" content=\"hu_HU\" \/>\n<meta property=\"og:type\" content=\"article\" \/>\n<meta property=\"og:title\" content=\"M\u00e9hviasz\" \/>\n<meta property=\"og:description\" content=\"toj\u00e1s\u00edr\u00f3, toj\u00e1s\u00edr\u00f3ka v\u00e1s\u00e1rl\u00e1s, toj\u00e1s\u00edr\u00f3 k\u00e9s, \u00edr\u00f3k\u00e9s v\u00e1s\u00e1rl\u00e1s, \u00edr\u00f3k\u00e9s, toj\u00e1s fest\u00e9s, toj\u00e1s rajzol\u00e1s, viaszos toj\u00e1sfest\u00e9s\" \/>\n<meta property=\"og:url\" content=\"https:\/\/mozi.artemispaint.com\/hu\/termek\/mehviasz\/\" \/>\n<meta property=\"og:site_name\" content=\"Mozi Art\" \/>\n<meta property=\"article:modified_time\" content=\"2026-03-25T19:50:20+00:00\" \/>\n<meta property=\"og:image\" content=\"https:\/\/mozi.artemispaint.com\/wp-content\/uploads\/tojasiro-viasz.jpg\" \/>\n\t<meta property=\"og:image:width\" content=\"900\" \/>\n\t<meta property=\"og:image:height\" content=\"900\" \/>\n<meta name=\"twitter:card\" content=\"summary_large_image\" \/>\n<script type=\"application\/ld+json\" class=\"yoast-schema-graph\">{\"@context\":\"https:\/\/schema.org\",\"@graph\":[{\"@type\":\"WebSite\",\"@id\":\"https:\/\/mozi.artemispaint.com\/#website\",\"url\":\"https:\/\/mozi.artemispaint.com\/\",\"name\":\"Mozi Art\",\"description\":\"Egy \\u00fajabb WordPress honlap\",\"potentialAction\":[{\"@type\":\"SearchAction\",\"target\":{\"@type\":\"EntryPoint\",\"urlTemplate\":\"https:\/\/mozi.artemispaint.com\/?s={search_term_string}\"},\"query-input\":\"required name=search_term_string\"}],\"inLanguage\":\"hu\"},{\"@type\":\"ImageObject\",\"@id\":\"https:\/\/mozi.artemispaint.com\/hu\/termek\/mehviasz\/#primaryimage\",\"inLanguage\":\"hu\",\"url\":\"https:\/\/mozi.artemispaint.com\/wp-content\/uploads\/tojasiro-viasz.jpg\",\"contentUrl\":\"https:\/\/mozi.artemispaint.com\/wp-content\/uploads\/tojasiro-viasz.jpg\",\"width\":900,\"height\":900},{\"@type\":\"WebPage\",\"@id\":\"https:\/\/mozi.artemispaint.com\/hu\/termek\/mehviasz\/#webpage\",\"url\":\"https:\/\/mozi.artemispaint.com\/hu\/termek\/mehviasz\/\",\"name\":\"M\\u00e9hviasz - Toj\\u00e1s\\u00edr\\u00f3, toj\\u00e1s\\u00edr\\u00f3ka v\\u00e1s\\u00e1rl\\u00e1s, toj\\u00e1s\\u00edr\\u00f3 k\\u00e9s, \\u00edr\\u00f3k\\u00e9s v\\u00e1s\\u00e1rl\\u00e1s\",\"isPartOf\":{\"@id\":\"https:\/\/mozi.artemispaint.com\/#website\"},\"primaryImageOfPage\":{\"@id\":\"https:\/\/mozi.artemispaint.com\/hu\/termek\/mehviasz\/#primaryimage\"},\"datePublished\":\"2022-01-11T20:50:30+00:00\",\"dateModified\":\"2026-03-25T19:50:20+00:00\",\"description\":\"toj\\u00e1s\\u00edr\\u00f3, toj\\u00e1s\\u00edr\\u00f3ka v\\u00e1s\\u00e1rl\\u00e1s, toj\\u00e1s\\u00edr\\u00f3 k\\u00e9s, \\u00edr\\u00f3k\\u00e9s v\\u00e1s\\u00e1rl\\u00e1s, \\u00edr\\u00f3k\\u00e9s, toj\\u00e1s fest\\u00e9s, toj\\u00e1s rajzol\\u00e1s, viaszos toj\\u00e1sfest\\u00e9s\",\"breadcrumb\":{\"@id\":\"https:\/\/mozi.artemispaint.com\/hu\/termek\/mehviasz\/#breadcrumb\"},\"inLanguage\":\"hu\",\"potentialAction\":[{\"@type\":\"ReadAction\",\"target\":[\"https:\/\/mozi.artemispaint.com\/hu\/termek\/mehviasz\/\"]}]},{\"@type\":\"BreadcrumbList\",\"@id\":\"https:\/\/mozi.artemispaint.com\/hu\/termek\/mehviasz\/#breadcrumb\",\"itemListElement\":[{\"@type\":\"ListItem\",\"position\":1,\"name\":\"Home\",\"item\":\"https:\/\/mozi.artemispaint.com\/hu\/\"},{\"@type\":\"ListItem\",\"position\":2,\"name\":\"Shop Full Width\",\"item\":\"https:\/\/mozi.artemispaint.com\/shop-full-width\/\"},{\"@type\":\"ListItem\",\"position\":3,\"name\":\"M\\u00e9hviasz\"}]}]}<\/script>\n<!-- \/ Yoast SEO Premium plugin. -->","yoast_head_json":{"title":"M\u00e9hviasz - Toj\u00e1s\u00edr\u00f3, toj\u00e1s\u00edr\u00f3ka v\u00e1s\u00e1rl\u00e1s, toj\u00e1s\u00edr\u00f3 k\u00e9s, \u00edr\u00f3k\u00e9s v\u00e1s\u00e1rl\u00e1s","description":"toj\u00e1s\u00edr\u00f3, toj\u00e1s\u00edr\u00f3ka v\u00e1s\u00e1rl\u00e1s, toj\u00e1s\u00edr\u00f3 k\u00e9s, \u00edr\u00f3k\u00e9s v\u00e1s\u00e1rl\u00e1s, \u00edr\u00f3k\u00e9s, toj\u00e1s fest\u00e9s, toj\u00e1s rajzol\u00e1s, viaszos toj\u00e1sfest\u00e9s","robots":{"index":"index","follow":"follow","max-snippet":"max-snippet:-1","max-image-preview":"max-image-preview:large","max-video-preview":"max-video-preview:-1"},"canonical":"https:\/\/mozi.artemispaint.com\/hu\/termek\/mehviasz\/","og_locale":"hu_HU","og_type":"article","og_title":"M\u00e9hviasz","og_description":"toj\u00e1s\u00edr\u00f3, toj\u00e1s\u00edr\u00f3ka v\u00e1s\u00e1rl\u00e1s, toj\u00e1s\u00edr\u00f3 k\u00e9s, \u00edr\u00f3k\u00e9s v\u00e1s\u00e1rl\u00e1s, \u00edr\u00f3k\u00e9s, toj\u00e1s fest\u00e9s, toj\u00e1s rajzol\u00e1s, viaszos toj\u00e1sfest\u00e9s","og_url":"https:\/\/mozi.artemispaint.com\/hu\/termek\/mehviasz\/","og_site_name":"Mozi Art","article_modified_time":"2026-03-25T19:50:20+00:00","og_image":[{"width":900,"height":900,"filesize":205935,"url":"https:\/\/mozi.artemispaint.com\/wp-content\/uploads\/tojasiro-viasz.jpg","path":"\/home\/artemispaint\/mozi.artemispaint.com\/wp-content\/uploads\/tojasiro-viasz.jpg","size":"full","id":1412,"alt":"","pixels":810000,"type":"image\/jpeg"}],"twitter_card":"summary_large_image","schema":{"@context":"https:\/\/schema.org","@graph":[{"@type":"WebSite","@id":"https:\/\/mozi.artemispaint.com\/#website","url":"https:\/\/mozi.artemispaint.com\/","name":"Mozi Art","description":"Egy \u00fajabb WordPress honlap","potentialAction":[{"@type":"SearchAction","target":{"@type":"EntryPoint","urlTemplate":"https:\/\/mozi.artemispaint.com\/?s={search_term_string}"},"query-input":"required name=search_term_string"}],"inLanguage":"hu"},{"@type":"ImageObject","@id":"https:\/\/mozi.artemispaint.com\/hu\/termek\/mehviasz\/#primaryimage","inLanguage":"hu","url":"https:\/\/mozi.artemispaint.com\/wp-content\/uploads\/tojasiro-viasz.jpg","contentUrl":"https:\/\/mozi.artemispaint.com\/wp-content\/uploads\/tojasiro-viasz.jpg","width":900,"height":900},{"@type":"WebPage","@id":"https:\/\/mozi.artemispaint.com\/hu\/termek\/mehviasz\/#webpage","url":"https:\/\/mozi.artemispaint.com\/hu\/termek\/mehviasz\/","name":"M\u00e9hviasz - Toj\u00e1s\u00edr\u00f3, toj\u00e1s\u00edr\u00f3ka v\u00e1s\u00e1rl\u00e1s, toj\u00e1s\u00edr\u00f3 k\u00e9s, \u00edr\u00f3k\u00e9s v\u00e1s\u00e1rl\u00e1s","isPartOf":{"@id":"https:\/\/mozi.artemispaint.com\/#website"},"primaryImageOfPage":{"@id":"https:\/\/mozi.artemispaint.com\/hu\/termek\/mehviasz\/#primaryimage"},"datePublished":"2022-01-11T20:50:30+00:00","dateModified":"2026-03-25T19:50:20+00:00","description":"toj\u00e1s\u00edr\u00f3, toj\u00e1s\u00edr\u00f3ka v\u00e1s\u00e1rl\u00e1s, toj\u00e1s\u00edr\u00f3 k\u00e9s, \u00edr\u00f3k\u00e9s v\u00e1s\u00e1rl\u00e1s, \u00edr\u00f3k\u00e9s, toj\u00e1s fest\u00e9s, toj\u00e1s rajzol\u00e1s, viaszos toj\u00e1sfest\u00e9s","breadcrumb":{"@id":"https:\/\/mozi.artemispaint.com\/hu\/termek\/mehviasz\/#breadcrumb"},"inLanguage":"hu","potentialAction":[{"@type":"ReadAction","target":["https:\/\/mozi.artemispaint.com\/hu\/termek\/mehviasz\/"]}]},{"@type":"BreadcrumbList","@id":"https:\/\/mozi.artemispaint.com\/hu\/termek\/mehviasz\/#breadcrumb","itemListElement":[{"@type":"ListItem","position":1,"name":"Home","item":"https:\/\/mozi.artemispaint.com\/hu\/"},{"@type":"ListItem","position":2,"name":"Shop Full Width","item":"https:\/\/mozi.artemispaint.com\/shop-full-width\/"},{"@type":"ListItem","position":3,"name":"M\u00e9hviasz"}]}]}},"_links":{"self":[{"href":"https:\/\/mozi.artemispaint.com\/hu\/wp-json\/wp\/v2\/product\/1414","targetHints":{"allow":["GET"]}}],"collection":[{"href":"https:\/\/mozi.artemispaint.com\/hu\/wp-json\/wp\/v2\/product"}],"about":[{"href":"https:\/\/mozi.artemispaint.com\/hu\/wp-json\/wp\/v2\/types\/product"}],"replies":[{"embeddable":true,"href":"https:\/\/mozi.artemispaint.com\/hu\/wp-json\/wp\/v2\/comments?post=1414"}],"wp:featuredmedia":[{"embeddable":true,"href":"https:\/\/mozi.artemispaint.com\/hu\/wp-json\/wp\/v2\/media\/1412"}],"wp:attachment":[{"href":"https:\/\/mozi.artemispaint.com\/hu\/wp-json\/wp\/v2\/media?parent=1414"}],"wp:term":[{"taxonomy":"product_cat","embeddable":true,"href":"https:\/\/mozi.artemispaint.com\/hu\/wp-json\/wp\/v2\/product_cat?post=1414"},{"taxonomy":"product_tag","embeddable":true,"href":"https:\/\/mozi.artemispaint.com\/hu\/wp-json\/wp\/v2\/product_tag?post=1414"}],"curies":[{"name":"wp","href":"https:\/\/api.w.org\/{rel}","templated":true}]}}