{"id":1413,"date":"2022-01-11T20:49:31","date_gmt":"2022-01-11T20:49:31","guid":{"rendered":"https:\/\/mozi.artemispaint.com\/?post_type=product&#038;p=1413"},"modified":"2026-03-25T19:50:28","modified_gmt":"2026-03-25T19:50:28","slug":"tojasiro","status":"publish","type":"product","link":"https:\/\/mozi.artemispaint.com\/hu\/termek\/tojasiro\/","title":{"rendered":"Kesice (gica, kand\u00e9, \u00edr\u00f3ka)"},"content":{"rendered":"<p style=\"text-align: justify;\">A h\u00edmes toj\u00e1s \u00edr\u00e1s\u00e1ra haszn\u00e1lhat\u00f3, 02 mm vastags\u00e1g\u00fa r\u00e9zlemezb\u0151l hajl\u00edtott, r\u00e9zdr\u00f3t seg\u00edts\u00e9g\u00e9vel fany\u00e9lbe r\u00f6gz\u00edtett eszk\u00f6z. M\u00e9hviaszt adagolva bele, gyertyal\u00e1ng f\u00f6l\u00f6tt felmeleg\u00edtve tudunk rajzolni vele. V\u00e9konyan \u00edr, a mint\u00e1k megrajzol\u00e1s\u00e1ra kiv\u00e1l\u00f3an alkalmas. Az \u00e1r 1 db term\u00e9kre vonatkozik.<\/p>\n<p style=\"text-align: justify;\"><strong>Kieg\u00e9sz\u00edt\u0151k\u00e9nt a kesice mell\u00e9 aj\u00e1nlom az \u00e1ltalam k\u00e9sz\u00edtett praktikus le\u00edr\u00e1st, melyben az \u00edr\u00f3ka haszn\u00e1lata, valamint egy oktat\u00f3 vide\u00f3 link \u00e9s p\u00e1r j\u00f3tan\u00e1cs tal\u00e1lhat\u00f3.<\/strong><\/p>\n","protected":false},"excerpt":{"rendered":"<p>A h\u00edmes toj\u00e1s \u00edr\u00e1s\u00e1ra haszn\u00e1lhat\u00f3, 02 mm vastags\u00e1g\u00fa r\u00e9zlemezb\u0151l hajl\u00edtott, r\u00e9zdr\u00f3t seg\u00edts\u00e9g\u00e9vel fany\u00e9lbe r\u00f6gz\u00edtett eszk\u00f6z. M\u00e9hviaszt adagolva bele, gyertyal\u00e1ng f\u00f6l\u00f6tt felmeleg\u00edtve tudunk rajzolni vele. V\u00e9konyan \u00edr, a mint\u00e1k megrajzol\u00e1s\u00e1ra kiv\u00e1l\u00f3an alkalmas. Az \u00e1r 1 db term\u00e9kre vonatkozik.<\/p>\n<p><strong>Kieg\u00e9sz\u00edt\u0151k\u00e9nt a kesice mell\u00e9 aj\u00e1nlom az \u00e1ltalam k\u00e9sz\u00edtett praktikus le\u00edr\u00e1st, melyben az \u00edr\u00f3ka haszn\u00e1lata, valamint egy oktat\u00f3 vide\u00f3 link \u00e9s p\u00e1r j\u00f3tan\u00e1cs tal\u00e1lhat\u00f3.<\/strong><\/p>\n","protected":false},"featured_media":1728,"comment_status":"open","ping_status":"closed","template":"","meta":[],"product_cat":[15],"product_tag":[],"class_list":{"0":"post-1413","1":"product","2":"type-product","3":"status-publish","4":"has-post-thumbnail","6":"product_cat-tojasiras","8":"first","9":"outofstock","10":"featured","11":"shipping-taxable","12":"purchasable","13":"product-type-simple"},"yoast_head":"<!-- This site is optimized with the Yoast SEO Premium plugin v17.2 (Yoast SEO v17.2) - https:\/\/yoast.com\/wordpress\/plugins\/seo\/ -->\n<title>Kesice (gica, kand\u00e9, \u00edr\u00f3ka) - Toj\u00e1s\u00edr\u00f3, toj\u00e1s\u00edr\u00f3ka v\u00e1s\u00e1rl\u00e1s, toj\u00e1s\u00edr\u00f3 k\u00e9s, \u00edr\u00f3k\u00e9s v\u00e1s\u00e1rl\u00e1s<\/title>\n<meta name=\"description\" content=\"toj\u00e1s\u00edr\u00f3, toj\u00e1s\u00edr\u00f3ka v\u00e1s\u00e1rl\u00e1s, toj\u00e1s\u00edr\u00f3 k\u00e9s, \u00edr\u00f3k\u00e9s v\u00e1s\u00e1rl\u00e1s, \u00edr\u00f3k\u00e9s, toj\u00e1s fest\u00e9s, toj\u00e1s rajzol\u00e1s, viaszos toj\u00e1sfest\u00e9s\" \/>\n<meta name=\"robots\" content=\"index, follow, max-snippet:-1, max-image-preview:large, max-video-preview:-1\" \/>\n<link rel=\"canonical\" href=\"https:\/\/mozi.artemispaint.com\/hu\/termek\/tojasiro\/\" \/>\n<meta property=\"og:locale\" content=\"hu_HU\" \/>\n<meta property=\"og:type\" content=\"article\" \/>\n<meta property=\"og:title\" content=\"Kesice (gica, kand\u00e9, \u00edr\u00f3ka)\" \/>\n<meta property=\"og:description\" content=\"A h\u00edmes toj\u00e1s \u00edr\u00e1s\u00e1ra haszn\u00e1lhat\u00f3, 02mm vastags\u00e1g\u00fa r\u00e9zlemezb\u0151l hajl\u00edtott, r\u00e9zdr\u00f3t seg\u00edts\u00e9g\u00e9vel fany\u00e9lbe r\u00f6gz\u00edtett eszk\u00f6z.\" \/>\n<meta property=\"og:url\" content=\"https:\/\/mozi.artemispaint.com\/hu\/termek\/tojasiro\/\" \/>\n<meta property=\"og:site_name\" content=\"Mozi Art\" \/>\n<meta property=\"article:modified_time\" content=\"2026-03-25T19:50:28+00:00\" \/>\n<meta name=\"twitter:card\" content=\"summary_large_image\" \/>\n<meta name=\"twitter:title\" content=\"Kesice (gica, kand\u00e9, \u00edr\u00f3ka)\" \/>\n<meta name=\"twitter:description\" content=\"A h\u00edmes toj\u00e1s \u00edr\u00e1s\u00e1ra haszn\u00e1lhat\u00f3, 02mm vastags\u00e1g\u00fa r\u00e9zlemezb\u0151l hajl\u00edtott, r\u00e9zdr\u00f3t seg\u00edts\u00e9g\u00e9vel fany\u00e9lbe r\u00f6gz\u00edtett eszk\u00f6z.\" \/>\n<meta name=\"twitter:image\" content=\"https:\/\/mozi.artemispaint.com\/wp-content\/uploads\/tojasiro-iroka-2.jpg\" \/>\n<meta name=\"twitter:label1\" content=\"Becs\u00fclt olvas\u00e1si id\u0151\" \/>\n\t<meta name=\"twitter:data1\" content=\"1 perc\" \/>\n<script type=\"application\/ld+json\" class=\"yoast-schema-graph\">{\"@context\":\"https:\/\/schema.org\",\"@graph\":[{\"@type\":\"WebSite\",\"@id\":\"https:\/\/mozi.artemispaint.com\/#website\",\"url\":\"https:\/\/mozi.artemispaint.com\/\",\"name\":\"Mozi Art\",\"description\":\"Egy \\u00fajabb WordPress honlap\",\"potentialAction\":[{\"@type\":\"SearchAction\",\"target\":{\"@type\":\"EntryPoint\",\"urlTemplate\":\"https:\/\/mozi.artemispaint.com\/?s={search_term_string}\"},\"query-input\":\"required name=search_term_string\"}],\"inLanguage\":\"hu\"},{\"@type\":\"ImageObject\",\"@id\":\"https:\/\/mozi.artemispaint.com\/hu\/termek\/tojasiro\/#primaryimage\",\"inLanguage\":\"hu\",\"url\":\"\",\"contentUrl\":\"\"},{\"@type\":\"WebPage\",\"@id\":\"https:\/\/mozi.artemispaint.com\/hu\/termek\/tojasiro\/#webpage\",\"url\":\"https:\/\/mozi.artemispaint.com\/hu\/termek\/tojasiro\/\",\"name\":\"Kesice (gica, kand\\u00e9, \\u00edr\\u00f3ka) - Toj\\u00e1s\\u00edr\\u00f3, toj\\u00e1s\\u00edr\\u00f3ka v\\u00e1s\\u00e1rl\\u00e1s, toj\\u00e1s\\u00edr\\u00f3 k\\u00e9s, \\u00edr\\u00f3k\\u00e9s v\\u00e1s\\u00e1rl\\u00e1s\",\"isPartOf\":{\"@id\":\"https:\/\/mozi.artemispaint.com\/#website\"},\"primaryImageOfPage\":{\"@id\":\"https:\/\/mozi.artemispaint.com\/hu\/termek\/tojasiro\/#primaryimage\"},\"datePublished\":\"2022-01-11T20:49:31+00:00\",\"dateModified\":\"2026-03-25T19:50:28+00:00\",\"description\":\"toj\\u00e1s\\u00edr\\u00f3, toj\\u00e1s\\u00edr\\u00f3ka v\\u00e1s\\u00e1rl\\u00e1s, toj\\u00e1s\\u00edr\\u00f3 k\\u00e9s, \\u00edr\\u00f3k\\u00e9s v\\u00e1s\\u00e1rl\\u00e1s, \\u00edr\\u00f3k\\u00e9s, toj\\u00e1s fest\\u00e9s, toj\\u00e1s rajzol\\u00e1s, viaszos toj\\u00e1sfest\\u00e9s\",\"breadcrumb\":{\"@id\":\"https:\/\/mozi.artemispaint.com\/hu\/termek\/tojasiro\/#breadcrumb\"},\"inLanguage\":\"hu\",\"potentialAction\":[{\"@type\":\"ReadAction\",\"target\":[\"https:\/\/mozi.artemispaint.com\/hu\/termek\/tojasiro\/\"]}]},{\"@type\":\"BreadcrumbList\",\"@id\":\"https:\/\/mozi.artemispaint.com\/hu\/termek\/tojasiro\/#breadcrumb\",\"itemListElement\":[{\"@type\":\"ListItem\",\"position\":1,\"name\":\"Home\",\"item\":\"https:\/\/mozi.artemispaint.com\/hu\/\"},{\"@type\":\"ListItem\",\"position\":2,\"name\":\"Shop Full Width\",\"item\":\"https:\/\/mozi.artemispaint.com\/shop-full-width\/\"},{\"@type\":\"ListItem\",\"position\":3,\"name\":\"Kesice (gica, kand\\u00e9, \\u00edr\\u00f3ka)\"}]}]}<\/script>\n<!-- \/ Yoast SEO Premium plugin. -->","yoast_head_json":{"title":"Kesice (gica, kand\u00e9, \u00edr\u00f3ka) - Toj\u00e1s\u00edr\u00f3, toj\u00e1s\u00edr\u00f3ka v\u00e1s\u00e1rl\u00e1s, toj\u00e1s\u00edr\u00f3 k\u00e9s, \u00edr\u00f3k\u00e9s v\u00e1s\u00e1rl\u00e1s","description":"toj\u00e1s\u00edr\u00f3, toj\u00e1s\u00edr\u00f3ka v\u00e1s\u00e1rl\u00e1s, toj\u00e1s\u00edr\u00f3 k\u00e9s, \u00edr\u00f3k\u00e9s v\u00e1s\u00e1rl\u00e1s, \u00edr\u00f3k\u00e9s, toj\u00e1s fest\u00e9s, toj\u00e1s rajzol\u00e1s, viaszos toj\u00e1sfest\u00e9s","robots":{"index":"index","follow":"follow","max-snippet":"max-snippet:-1","max-image-preview":"max-image-preview:large","max-video-preview":"max-video-preview:-1"},"canonical":"https:\/\/mozi.artemispaint.com\/hu\/termek\/tojasiro\/","og_locale":"hu_HU","og_type":"article","og_title":"Kesice (gica, kand\u00e9, \u00edr\u00f3ka)","og_description":"A h\u00edmes toj\u00e1s \u00edr\u00e1s\u00e1ra haszn\u00e1lhat\u00f3, 02mm vastags\u00e1g\u00fa r\u00e9zlemezb\u0151l hajl\u00edtott, r\u00e9zdr\u00f3t seg\u00edts\u00e9g\u00e9vel fany\u00e9lbe r\u00f6gz\u00edtett eszk\u00f6z.","og_url":"https:\/\/mozi.artemispaint.com\/hu\/termek\/tojasiro\/","og_site_name":"Mozi Art","article_modified_time":"2026-03-25T19:50:28+00:00","twitter_card":"summary_large_image","twitter_title":"Kesice (gica, kand\u00e9, \u00edr\u00f3ka)","twitter_description":"A h\u00edmes toj\u00e1s \u00edr\u00e1s\u00e1ra haszn\u00e1lhat\u00f3, 02mm vastags\u00e1g\u00fa r\u00e9zlemezb\u0151l hajl\u00edtott, r\u00e9zdr\u00f3t seg\u00edts\u00e9g\u00e9vel fany\u00e9lbe r\u00f6gz\u00edtett eszk\u00f6z.","twitter_image":"https:\/\/mozi.artemispaint.com\/wp-content\/uploads\/tojasiro-iroka-2.jpg","twitter_misc":{"Becs\u00fclt olvas\u00e1si id\u0151":"1 perc"},"schema":{"@context":"https:\/\/schema.org","@graph":[{"@type":"WebSite","@id":"https:\/\/mozi.artemispaint.com\/#website","url":"https:\/\/mozi.artemispaint.com\/","name":"Mozi Art","description":"Egy \u00fajabb WordPress honlap","potentialAction":[{"@type":"SearchAction","target":{"@type":"EntryPoint","urlTemplate":"https:\/\/mozi.artemispaint.com\/?s={search_term_string}"},"query-input":"required name=search_term_string"}],"inLanguage":"hu"},{"@type":"ImageObject","@id":"https:\/\/mozi.artemispaint.com\/hu\/termek\/tojasiro\/#primaryimage","inLanguage":"hu","url":"","contentUrl":""},{"@type":"WebPage","@id":"https:\/\/mozi.artemispaint.com\/hu\/termek\/tojasiro\/#webpage","url":"https:\/\/mozi.artemispaint.com\/hu\/termek\/tojasiro\/","name":"Kesice (gica, kand\u00e9, \u00edr\u00f3ka) - Toj\u00e1s\u00edr\u00f3, toj\u00e1s\u00edr\u00f3ka v\u00e1s\u00e1rl\u00e1s, toj\u00e1s\u00edr\u00f3 k\u00e9s, \u00edr\u00f3k\u00e9s v\u00e1s\u00e1rl\u00e1s","isPartOf":{"@id":"https:\/\/mozi.artemispaint.com\/#website"},"primaryImageOfPage":{"@id":"https:\/\/mozi.artemispaint.com\/hu\/termek\/tojasiro\/#primaryimage"},"datePublished":"2022-01-11T20:49:31+00:00","dateModified":"2026-03-25T19:50:28+00:00","description":"toj\u00e1s\u00edr\u00f3, toj\u00e1s\u00edr\u00f3ka v\u00e1s\u00e1rl\u00e1s, toj\u00e1s\u00edr\u00f3 k\u00e9s, \u00edr\u00f3k\u00e9s v\u00e1s\u00e1rl\u00e1s, \u00edr\u00f3k\u00e9s, toj\u00e1s fest\u00e9s, toj\u00e1s rajzol\u00e1s, viaszos toj\u00e1sfest\u00e9s","breadcrumb":{"@id":"https:\/\/mozi.artemispaint.com\/hu\/termek\/tojasiro\/#breadcrumb"},"inLanguage":"hu","potentialAction":[{"@type":"ReadAction","target":["https:\/\/mozi.artemispaint.com\/hu\/termek\/tojasiro\/"]}]},{"@type":"BreadcrumbList","@id":"https:\/\/mozi.artemispaint.com\/hu\/termek\/tojasiro\/#breadcrumb","itemListElement":[{"@type":"ListItem","position":1,"name":"Home","item":"https:\/\/mozi.artemispaint.com\/hu\/"},{"@type":"ListItem","position":2,"name":"Shop Full Width","item":"https:\/\/mozi.artemispaint.com\/shop-full-width\/"},{"@type":"ListItem","position":3,"name":"Kesice (gica, kand\u00e9, \u00edr\u00f3ka)"}]}]}},"_links":{"self":[{"href":"https:\/\/mozi.artemispaint.com\/hu\/wp-json\/wp\/v2\/product\/1413","targetHints":{"allow":["GET"]}}],"collection":[{"href":"https:\/\/mozi.artemispaint.com\/hu\/wp-json\/wp\/v2\/product"}],"about":[{"href":"https:\/\/mozi.artemispaint.com\/hu\/wp-json\/wp\/v2\/types\/product"}],"replies":[{"embeddable":true,"href":"https:\/\/mozi.artemispaint.com\/hu\/wp-json\/wp\/v2\/comments?post=1413"}],"wp:featuredmedia":[{"embeddable":true,"href":"https:\/\/mozi.artemispaint.com\/hu\/wp-json\/wp\/v2\/media\/1728"}],"wp:attachment":[{"href":"https:\/\/mozi.artemispaint.com\/hu\/wp-json\/wp\/v2\/media?parent=1413"}],"wp:term":[{"taxonomy":"product_cat","embeddable":true,"href":"https:\/\/mozi.artemispaint.com\/hu\/wp-json\/wp\/v2\/product_cat?post=1413"},{"taxonomy":"product_tag","embeddable":true,"href":"https:\/\/mozi.artemispaint.com\/hu\/wp-json\/wp\/v2\/product_tag?post=1413"}],"curies":[{"name":"wp","href":"https:\/\/api.w.org\/{rel}","templated":true}]}}