{"id":552,"date":"2017-03-06T16:47:14","date_gmt":"2017-03-06T16:47:14","guid":{"rendered":"https:\/\/www.althemist.com\/zass\/?page_id=552"},"modified":"2025-01-14T08:56:47","modified_gmt":"2025-01-14T08:56:47","slug":"kapcsolat","status":"publish","type":"page","link":"https:\/\/mozi.artemispaint.com\/hu\/kapcsolat\/","title":{"rendered":"Kapcsolat"},"content":{"rendered":"<p>[vc_row full_width=&#8221;stretch_row&#8221; css=&#8221;.vc_custom_1488813254159{margin-bottom: 0px !important;padding-top: 80px !important;padding-bottom: 80px !important;background-color: #ffffff !important;}&#8221;][vc_column][vc_row_inner content_placement=&#8221;middle&#8221; gap=&#8221;35&#8243;][vc_column_inner width=&#8221;1\/2&#8243;][vc_column_text]<\/p>\n<h2 style=\"text-align: center;\">El\u00e9rhet\u0151s\u00e9g<\/h2>\n<p>[\/vc_column_text][vc_column_text]<\/p>\n<h5 style=\"text-align: center;\">Tank Erzs\u00e9bet<\/h5>\n<p>[\/vc_column_text][vc_column_text]<\/p>\n<p style=\"text-align: center;\">Vedd fel a kapcsolatot velem az al\u00e1bbi lehet\u0151s\u00e9gek egyik\u00e9n, \u00edrj gyors levelet, a lehet\u0151 legr\u00f6videbb id\u0151n bel\u00fcl visszajelzek. K\u00f6sz\u00f6n\u00f6m.<\/p>\n<p>[\/vc_column_text][vc_column_text]<\/p>\n<h6 style=\"text-align: center;\"><span style=\"color: #333333;\"><strong>Mobil:<\/strong><\/span><\/h6>\n<p style=\"text-align: center;\">004 0723 753 288<\/p>\n<p>[\/vc_column_text][vc_column_text]<\/p>\n<h6 style=\"text-align: center;\"><span style=\"color: #333333;\"><strong>E-mail:<\/strong><\/span><\/h6>\n<p style=\"text-align: center;\">csupex@freemail.hu<\/p>\n<p>[\/vc_column_text][vc_column_text]<\/p>\n<h6 style=\"text-align: center;\"><span style=\"color: #333333;\"><strong>Postai c\u00edm:<\/strong><\/span><\/h6>\n<p style=\"text-align: center;\">Sz\u00e9kelyudvarhely<br \/>\nTihadar 5\/20<\/p>\n<p>[\/vc_column_text][\/vc_column_inner][vc_column_inner width=&#8221;1\/2&#8243;]\t\t\t<div id=\"holder_zass_contactform69e4c0abe8c4f\" class=\"zass-contacts-holder zass-contacts-shortcode\" >\n\t\t\t\t\t\t\t\t<form action=\"https:\/\/mozi.artemispaint.com\/wp-admin\/admin-ajax.php\" method=\"post\" class=\"contact-form\">\n\t\t\t<div class=\"content zass_name\"> <span>Neved:<\/span>\n\t\t\t<input type=\"text\" value=\"\" name=\"zass_name\" \/>\n\t\t\t\t\t<\/div>\n\n\t\t\t\t<div class=\"content zass_email\"> <span>E-mail c\u00edm:<\/span>\n\t\t\t<input type=\"text\" value=\"\" name=\"zass_email\" \/>\n\t\t\t\t\t<\/div>\n\t\t\t\t<div class=\"content zass_phone\"> <span>Telefonsz\u00e1m:<\/span>\n\t\t\t<input type=\"text\" value=\"\" name=\"zass_phone\" \/>\n\t\t\t\t\t<\/div>\n\t\t\t\t<div class=\"content zass_enquiry\"> <span>\u00dczenet sz\u00f6vege:<\/span>\n\t\t<textarea style=\"width: 99%;\" rows=\"10\" cols=\"40\" name=\"zass_enquiry\"><\/textarea>\n\t\t\t<\/div>\n\t\t\t\t\t<div class=\"content zass_form_test\">\n\t\t\tIgazold, hogy nem vagy robot: <span class=constant>1<\/span> + <span class=random>3<\/span> = ? <input type=\"text\" value=\"\" name=\"zass_captcha_answer\" \/>\n\t\t<\/div>\n\t\t\t\t\t<div class=\"buttons\">\n\t\t<input type=\"hidden\" name=\"zass_contact_submitted\" value=\"3\">\n\t\t<input type=\"hidden\" name=\"shortcode_params_for_tpl\" value=\"{&quot;zass_title&quot;:&quot;&quot;,&quot;zass_contact_mail_to&quot;:&quot;csupex@freemail.hu&quot;,&quot;zass_simple_captcha&quot;:&quot;1&quot;,&quot;zass_contact_form_fields&quot;:&quot;name,email,phone&quot;}\">\n\t\t<div class=\"left\"><input class=\"button button-orange\" value=\"\u00dczenet k\u00fcld\u00e9se\" type=\"submit\"><\/div>\n\t<\/div>\n<\/form>\n\t\t\t<\/div>\n\t\t\t[\/vc_column_inner][\/vc_row_inner][\/vc_column][\/vc_row]<\/p>\n","protected":false},"excerpt":{"rendered":"<p>[vc_row full_width=&#8221;stretch_row&#8221; css=&#8221;.vc_custom_1488813254159{margin-bottom: 0px !important;padding-top: 80px !important;padding-bottom: 80px !important;background-color: #ffffff !important;}&#8221;][vc_column][vc_row_inner content_placement=&#8221;middle&#8221; gap=&#8221;35&#8243;][vc_column_inner width=&#8221;1\/2&#8243;][vc_column_text] El\u00e9rhet\u0151s\u00e9g [\/vc_column_text][vc_column_text] Tank Erzs\u00e9bet [\/vc_column_text][vc_column_text] Vedd fel a kapcsolatot velem az al\u00e1bbi lehet\u0151s\u00e9gek egyik\u00e9n, \u00edrj gyors levelet, a lehet\u0151 legr\u00f6videbb id\u0151n bel\u00fcl visszajelzek. K\u00f6sz\u00f6n\u00f6m. [\/vc_column_text][vc_column_text] Mobil: 004 0723 753 288 [\/vc_column_text][vc_column_text] E-mail: csupex@freemail.hu [\/vc_column_text][vc_column_text] Postai c\u00edm: Sz\u00e9kelyudvarhely Tihadar 5\/20 [\/vc_column_text][\/vc_column_inner][vc_column_inner width=&#8221;1\/2&#8243;][\/vc_column_inner][\/vc_row_inner][\/vc_column][\/vc_row]<\/p>\n","protected":false},"author":1,"featured_media":0,"parent":0,"menu_order":0,"comment_status":"closed","ping_status":"closed","template":"","meta":{"footnotes":""},"class_list":["post-552","page","type-page","status-publish","hentry"],"yoast_head":"<!-- This site is optimized with the Yoast SEO Premium plugin v17.2 (Yoast SEO v17.2) - https:\/\/yoast.com\/wordpress\/plugins\/seo\/ -->\n<title>Kapcsolat - Toj\u00e1s\u00edr\u00f3, toj\u00e1s\u00edr\u00f3ka v\u00e1s\u00e1rl\u00e1s, toj\u00e1s\u00edr\u00f3 k\u00e9s, \u00edr\u00f3k\u00e9s v\u00e1s\u00e1rl\u00e1s<\/title>\n<meta name=\"description\" content=\"toj\u00e1s\u00edr\u00f3, toj\u00e1s\u00edr\u00f3ka v\u00e1s\u00e1rl\u00e1s, toj\u00e1s\u00edr\u00f3 k\u00e9s, \u00edr\u00f3k\u00e9s v\u00e1s\u00e1rl\u00e1s, \u00edr\u00f3k\u00e9s, toj\u00e1s fest\u00e9s, toj\u00e1s rajzol\u00e1s, viaszos toj\u00e1sfest\u00e9s\" \/>\n<meta name=\"robots\" content=\"index, follow, max-snippet:-1, max-image-preview:large, max-video-preview:-1\" \/>\n<link rel=\"canonical\" href=\"https:\/\/mozi.artemispaint.com\/hu\/kapcsolat\/\" \/>\n<meta property=\"og:locale\" content=\"hu_HU\" \/>\n<meta property=\"og:type\" content=\"article\" \/>\n<meta property=\"og:title\" content=\"Kapcsolat - Toj\u00e1s\u00edr\u00f3, toj\u00e1s\u00edr\u00f3ka v\u00e1s\u00e1rl\u00e1s, toj\u00e1s\u00edr\u00f3 k\u00e9s, \u00edr\u00f3k\u00e9s v\u00e1s\u00e1rl\u00e1s\" \/>\n<meta property=\"og:description\" content=\"toj\u00e1s\u00edr\u00f3, toj\u00e1s\u00edr\u00f3ka v\u00e1s\u00e1rl\u00e1s, toj\u00e1s\u00edr\u00f3 k\u00e9s, \u00edr\u00f3k\u00e9s v\u00e1s\u00e1rl\u00e1s, \u00edr\u00f3k\u00e9s, toj\u00e1s fest\u00e9s, toj\u00e1s rajzol\u00e1s, viaszos toj\u00e1sfest\u00e9s\" \/>\n<meta property=\"og:url\" content=\"https:\/\/mozi.artemispaint.com\/hu\/kapcsolat\/\" \/>\n<meta property=\"og:site_name\" content=\"Mozi Art\" \/>\n<meta property=\"article:modified_time\" content=\"2025-01-14T08:56:47+00:00\" \/>\n<meta property=\"og:image\" content=\"https:\/\/mozi.artemispaint.com\/wp-content\/uploads\/home-section-bg-2.jpg\" \/>\n\t<meta property=\"og:image:width\" content=\"1920\" \/>\n\t<meta property=\"og:image:height\" content=\"1040\" \/>\n<meta name=\"twitter:card\" content=\"summary_large_image\" \/>\n<meta name=\"twitter:title\" content=\"Kapcsolat - Toj\u00e1s\u00edr\u00f3, toj\u00e1s\u00edr\u00f3ka v\u00e1s\u00e1rl\u00e1s, toj\u00e1s\u00edr\u00f3 k\u00e9s, \u00edr\u00f3k\u00e9s v\u00e1s\u00e1rl\u00e1s\" \/>\n<meta name=\"twitter:description\" content=\"toj\u00e1s\u00edr\u00f3, toj\u00e1s\u00edr\u00f3ka v\u00e1s\u00e1rl\u00e1s, toj\u00e1s\u00edr\u00f3 k\u00e9s, \u00edr\u00f3k\u00e9s v\u00e1s\u00e1rl\u00e1s, \u00edr\u00f3k\u00e9s, toj\u00e1s fest\u00e9s, toj\u00e1s rajzol\u00e1s, viaszos toj\u00e1sfest\u00e9s\" \/>\n<meta name=\"twitter:label1\" content=\"Becs\u00fclt olvas\u00e1si id\u0151\" \/>\n\t<meta name=\"twitter:data1\" content=\"1 perc\" \/>\n<script type=\"application\/ld+json\" class=\"yoast-schema-graph\">{\"@context\":\"https:\/\/schema.org\",\"@graph\":[{\"@type\":\"WebSite\",\"@id\":\"https:\/\/mozi.artemispaint.com\/#website\",\"url\":\"https:\/\/mozi.artemispaint.com\/\",\"name\":\"Mozi Art\",\"description\":\"Egy \\u00fajabb WordPress honlap\",\"potentialAction\":[{\"@type\":\"SearchAction\",\"target\":{\"@type\":\"EntryPoint\",\"urlTemplate\":\"https:\/\/mozi.artemispaint.com\/?s={search_term_string}\"},\"query-input\":\"required name=search_term_string\"}],\"inLanguage\":\"hu\"},{\"@type\":\"ImageObject\",\"@id\":\"https:\/\/mozi.artemispaint.com\/hu\/kapcsolat\/#primaryimage\",\"inLanguage\":\"hu\",\"url\":\"https:\/\/mozi.artemispaint.com\/wp-content\/uploads\/home-section-bg-2.jpg\",\"contentUrl\":\"https:\/\/mozi.artemispaint.com\/wp-content\/uploads\/home-section-bg-2.jpg\",\"width\":1920,\"height\":1040},{\"@type\":\"WebPage\",\"@id\":\"https:\/\/mozi.artemispaint.com\/hu\/kapcsolat\/#webpage\",\"url\":\"https:\/\/mozi.artemispaint.com\/hu\/kapcsolat\/\",\"name\":\"Kapcsolat - Toj\\u00e1s\\u00edr\\u00f3, toj\\u00e1s\\u00edr\\u00f3ka v\\u00e1s\\u00e1rl\\u00e1s, toj\\u00e1s\\u00edr\\u00f3 k\\u00e9s, \\u00edr\\u00f3k\\u00e9s v\\u00e1s\\u00e1rl\\u00e1s\",\"isPartOf\":{\"@id\":\"https:\/\/mozi.artemispaint.com\/#website\"},\"datePublished\":\"2017-03-06T16:47:14+00:00\",\"dateModified\":\"2025-01-14T08:56:47+00:00\",\"description\":\"toj\\u00e1s\\u00edr\\u00f3, toj\\u00e1s\\u00edr\\u00f3ka v\\u00e1s\\u00e1rl\\u00e1s, toj\\u00e1s\\u00edr\\u00f3 k\\u00e9s, \\u00edr\\u00f3k\\u00e9s v\\u00e1s\\u00e1rl\\u00e1s, \\u00edr\\u00f3k\\u00e9s, toj\\u00e1s fest\\u00e9s, toj\\u00e1s rajzol\\u00e1s, viaszos toj\\u00e1sfest\\u00e9s\",\"breadcrumb\":{\"@id\":\"https:\/\/mozi.artemispaint.com\/hu\/kapcsolat\/#breadcrumb\"},\"inLanguage\":\"hu\",\"potentialAction\":[{\"@type\":\"ReadAction\",\"target\":[\"https:\/\/mozi.artemispaint.com\/hu\/kapcsolat\/\"]}]},{\"@type\":\"BreadcrumbList\",\"@id\":\"https:\/\/mozi.artemispaint.com\/hu\/kapcsolat\/#breadcrumb\",\"itemListElement\":[{\"@type\":\"ListItem\",\"position\":1,\"name\":\"Home\",\"item\":\"https:\/\/mozi.artemispaint.com\/hu\/\"},{\"@type\":\"ListItem\",\"position\":2,\"name\":\"Kapcsolat\"}]}]}<\/script>\n<!-- \/ Yoast SEO Premium plugin. -->","yoast_head_json":{"title":"Kapcsolat - Toj\u00e1s\u00edr\u00f3, toj\u00e1s\u00edr\u00f3ka v\u00e1s\u00e1rl\u00e1s, toj\u00e1s\u00edr\u00f3 k\u00e9s, \u00edr\u00f3k\u00e9s v\u00e1s\u00e1rl\u00e1s","description":"toj\u00e1s\u00edr\u00f3, toj\u00e1s\u00edr\u00f3ka v\u00e1s\u00e1rl\u00e1s, toj\u00e1s\u00edr\u00f3 k\u00e9s, \u00edr\u00f3k\u00e9s v\u00e1s\u00e1rl\u00e1s, \u00edr\u00f3k\u00e9s, toj\u00e1s fest\u00e9s, toj\u00e1s rajzol\u00e1s, viaszos toj\u00e1sfest\u00e9s","robots":{"index":"index","follow":"follow","max-snippet":"max-snippet:-1","max-image-preview":"max-image-preview:large","max-video-preview":"max-video-preview:-1"},"canonical":"https:\/\/mozi.artemispaint.com\/hu\/kapcsolat\/","og_locale":"hu_HU","og_type":"article","og_title":"Kapcsolat - Toj\u00e1s\u00edr\u00f3, toj\u00e1s\u00edr\u00f3ka v\u00e1s\u00e1rl\u00e1s, toj\u00e1s\u00edr\u00f3 k\u00e9s, \u00edr\u00f3k\u00e9s v\u00e1s\u00e1rl\u00e1s","og_description":"toj\u00e1s\u00edr\u00f3, toj\u00e1s\u00edr\u00f3ka v\u00e1s\u00e1rl\u00e1s, toj\u00e1s\u00edr\u00f3 k\u00e9s, \u00edr\u00f3k\u00e9s v\u00e1s\u00e1rl\u00e1s, \u00edr\u00f3k\u00e9s, toj\u00e1s fest\u00e9s, toj\u00e1s rajzol\u00e1s, viaszos toj\u00e1sfest\u00e9s","og_url":"https:\/\/mozi.artemispaint.com\/hu\/kapcsolat\/","og_site_name":"Mozi Art","article_modified_time":"2025-01-14T08:56:47+00:00","og_image":[{"width":1920,"height":1040,"url":"https:\/\/mozi.artemispaint.com\/wp-content\/uploads\/home-section-bg-2.jpg","path":"\/home\/artemispaint\/mozi.artemispaint.com\/wp-content\/uploads\/home-section-bg-2.jpg","size":"full","id":"1407","alt":"","pixels":1996800,"type":"image\/jpeg"}],"twitter_card":"summary_large_image","twitter_title":"Kapcsolat - Toj\u00e1s\u00edr\u00f3, toj\u00e1s\u00edr\u00f3ka v\u00e1s\u00e1rl\u00e1s, toj\u00e1s\u00edr\u00f3 k\u00e9s, \u00edr\u00f3k\u00e9s v\u00e1s\u00e1rl\u00e1s","twitter_description":"toj\u00e1s\u00edr\u00f3, toj\u00e1s\u00edr\u00f3ka v\u00e1s\u00e1rl\u00e1s, toj\u00e1s\u00edr\u00f3 k\u00e9s, \u00edr\u00f3k\u00e9s v\u00e1s\u00e1rl\u00e1s, \u00edr\u00f3k\u00e9s, toj\u00e1s fest\u00e9s, toj\u00e1s rajzol\u00e1s, viaszos toj\u00e1sfest\u00e9s","twitter_misc":{"Becs\u00fclt olvas\u00e1si id\u0151":"1 perc"},"schema":{"@context":"https:\/\/schema.org","@graph":[{"@type":"WebSite","@id":"https:\/\/mozi.artemispaint.com\/#website","url":"https:\/\/mozi.artemispaint.com\/","name":"Mozi Art","description":"Egy \u00fajabb WordPress honlap","potentialAction":[{"@type":"SearchAction","target":{"@type":"EntryPoint","urlTemplate":"https:\/\/mozi.artemispaint.com\/?s={search_term_string}"},"query-input":"required name=search_term_string"}],"inLanguage":"hu"},{"@type":"ImageObject","@id":"https:\/\/mozi.artemispaint.com\/hu\/kapcsolat\/#primaryimage","inLanguage":"hu","url":"https:\/\/mozi.artemispaint.com\/wp-content\/uploads\/home-section-bg-2.jpg","contentUrl":"https:\/\/mozi.artemispaint.com\/wp-content\/uploads\/home-section-bg-2.jpg","width":1920,"height":1040},{"@type":"WebPage","@id":"https:\/\/mozi.artemispaint.com\/hu\/kapcsolat\/#webpage","url":"https:\/\/mozi.artemispaint.com\/hu\/kapcsolat\/","name":"Kapcsolat - Toj\u00e1s\u00edr\u00f3, toj\u00e1s\u00edr\u00f3ka v\u00e1s\u00e1rl\u00e1s, toj\u00e1s\u00edr\u00f3 k\u00e9s, \u00edr\u00f3k\u00e9s v\u00e1s\u00e1rl\u00e1s","isPartOf":{"@id":"https:\/\/mozi.artemispaint.com\/#website"},"datePublished":"2017-03-06T16:47:14+00:00","dateModified":"2025-01-14T08:56:47+00:00","description":"toj\u00e1s\u00edr\u00f3, toj\u00e1s\u00edr\u00f3ka v\u00e1s\u00e1rl\u00e1s, toj\u00e1s\u00edr\u00f3 k\u00e9s, \u00edr\u00f3k\u00e9s v\u00e1s\u00e1rl\u00e1s, \u00edr\u00f3k\u00e9s, toj\u00e1s fest\u00e9s, toj\u00e1s rajzol\u00e1s, viaszos toj\u00e1sfest\u00e9s","breadcrumb":{"@id":"https:\/\/mozi.artemispaint.com\/hu\/kapcsolat\/#breadcrumb"},"inLanguage":"hu","potentialAction":[{"@type":"ReadAction","target":["https:\/\/mozi.artemispaint.com\/hu\/kapcsolat\/"]}]},{"@type":"BreadcrumbList","@id":"https:\/\/mozi.artemispaint.com\/hu\/kapcsolat\/#breadcrumb","itemListElement":[{"@type":"ListItem","position":1,"name":"Home","item":"https:\/\/mozi.artemispaint.com\/hu\/"},{"@type":"ListItem","position":2,"name":"Kapcsolat"}]}]}},"_links":{"self":[{"href":"https:\/\/mozi.artemispaint.com\/hu\/wp-json\/wp\/v2\/pages\/552","targetHints":{"allow":["GET"]}}],"collection":[{"href":"https:\/\/mozi.artemispaint.com\/hu\/wp-json\/wp\/v2\/pages"}],"about":[{"href":"https:\/\/mozi.artemispaint.com\/hu\/wp-json\/wp\/v2\/types\/page"}],"author":[{"embeddable":true,"href":"https:\/\/mozi.artemispaint.com\/hu\/wp-json\/wp\/v2\/users\/1"}],"replies":[{"embeddable":true,"href":"https:\/\/mozi.artemispaint.com\/hu\/wp-json\/wp\/v2\/comments?post=552"}],"version-history":[{"count":8,"href":"https:\/\/mozi.artemispaint.com\/hu\/wp-json\/wp\/v2\/pages\/552\/revisions"}],"predecessor-version":[{"id":2501,"href":"https:\/\/mozi.artemispaint.com\/hu\/wp-json\/wp\/v2\/pages\/552\/revisions\/2501"}],"wp:attachment":[{"href":"https:\/\/mozi.artemispaint.com\/hu\/wp-json\/wp\/v2\/media?parent=552"}],"curies":[{"name":"wp","href":"https:\/\/api.w.org\/{rel}","templated":true}]}}