{"id":2,"date":"2022-01-12T15:04:46","date_gmt":"2022-01-12T15:04:46","guid":{"rendered":"https:\/\/mozi.artemispaint.com\/?page_id=2"},"modified":"2022-02-01T09:32:49","modified_gmt":"2022-02-01T09:32:49","slug":"taborok","status":"publish","type":"page","link":"https:\/\/mozi.artemispaint.com\/hu\/taborok\/","title":{"rendered":"T\u00e1borok"},"content":{"rendered":"<p>[vc_row][vc_column][vc_column_text]<\/p>\n<p>&nbsp;<\/p>\n<p>&nbsp;<\/p>\n<p style=\"text-align: center;\">&#8230; hamarosan &#8230;<\/p>\n<p>[\/vc_column_text][\/vc_column][\/vc_row]<\/p>\n","protected":false},"excerpt":{"rendered":"<p>[vc_row][vc_column][vc_column_text] &nbsp; &nbsp; &#8230; hamarosan &#8230; [\/vc_column_text][\/vc_column][\/vc_row]<\/p>\n","protected":false},"author":1,"featured_media":0,"parent":0,"menu_order":0,"comment_status":"closed","ping_status":"open","template":"","meta":{"footnotes":""},"class_list":["post-2","page","type-page","status-publish","hentry"],"yoast_head":"<!-- This site is optimized with the Yoast SEO Premium plugin v17.2 (Yoast SEO v17.2) - https:\/\/yoast.com\/wordpress\/plugins\/seo\/ -->\n<title>T\u00e1borok - Mozi Art<\/title>\n<meta name=\"robots\" content=\"index, follow, max-snippet:-1, max-image-preview:large, max-video-preview:-1\" \/>\n<link rel=\"canonical\" href=\"https:\/\/mozi.artemispaint.com\/taborok\/\" \/>\n<meta property=\"og:locale\" content=\"hu_HU\" \/>\n<meta property=\"og:type\" content=\"article\" \/>\n<meta property=\"og:title\" content=\"T\u00e1borok\" \/>\n<meta property=\"og:description\" content=\"[vc_row][vc_column][vc_column_text] &nbsp; &nbsp; &#8230; hamarosan &#8230; [\/vc_column_text][\/vc_column][\/vc_row]\" \/>\n<meta property=\"og:url\" content=\"https:\/\/mozi.artemispaint.com\/taborok\/\" \/>\n<meta property=\"og:site_name\" content=\"Mozi Art\" \/>\n<meta property=\"article:modified_time\" content=\"2022-02-01T09:32:49+00:00\" \/>\n<meta name=\"twitter:card\" content=\"summary_large_image\" \/>\n<meta name=\"twitter:label1\" content=\"Becs\u00fclt olvas\u00e1si id\u0151\" \/>\n\t<meta name=\"twitter:data1\" content=\"1 perc\" \/>\n<script type=\"application\/ld+json\" class=\"yoast-schema-graph\">{\"@context\":\"https:\/\/schema.org\",\"@graph\":[{\"@type\":\"WebSite\",\"@id\":\"https:\/\/mozi.artemispaint.com\/#website\",\"url\":\"https:\/\/mozi.artemispaint.com\/\",\"name\":\"Mozi Art\",\"description\":\"Egy \\u00fajabb WordPress honlap\",\"potentialAction\":[{\"@type\":\"SearchAction\",\"target\":{\"@type\":\"EntryPoint\",\"urlTemplate\":\"https:\/\/mozi.artemispaint.com\/?s={search_term_string}\"},\"query-input\":\"required name=search_term_string\"}],\"inLanguage\":\"hu\"},{\"@type\":\"WebPage\",\"@id\":\"https:\/\/mozi.artemispaint.com\/taborok\/#webpage\",\"url\":\"https:\/\/mozi.artemispaint.com\/taborok\/\",\"name\":\"T\\u00e1borok - Mozi Art\",\"isPartOf\":{\"@id\":\"https:\/\/mozi.artemispaint.com\/#website\"},\"datePublished\":\"2022-01-12T15:04:46+00:00\",\"dateModified\":\"2022-02-01T09:32:49+00:00\",\"breadcrumb\":{\"@id\":\"https:\/\/mozi.artemispaint.com\/taborok\/#breadcrumb\"},\"inLanguage\":\"hu\",\"potentialAction\":[{\"@type\":\"ReadAction\",\"target\":[\"https:\/\/mozi.artemispaint.com\/taborok\/\"]}]},{\"@type\":\"BreadcrumbList\",\"@id\":\"https:\/\/mozi.artemispaint.com\/taborok\/#breadcrumb\",\"itemListElement\":[{\"@type\":\"ListItem\",\"position\":1,\"name\":\"Home\",\"item\":\"https:\/\/mozi.artemispaint.com\/hu\/\"},{\"@type\":\"ListItem\",\"position\":2,\"name\":\"T\\u00e1borok\"}]}]}<\/script>\n<!-- \/ Yoast SEO Premium plugin. -->","yoast_head_json":{"title":"T\u00e1borok - Mozi Art","robots":{"index":"index","follow":"follow","max-snippet":"max-snippet:-1","max-image-preview":"max-image-preview:large","max-video-preview":"max-video-preview:-1"},"canonical":"https:\/\/mozi.artemispaint.com\/taborok\/","og_locale":"hu_HU","og_type":"article","og_title":"T\u00e1borok","og_description":"[vc_row][vc_column][vc_column_text] &nbsp; &nbsp; &#8230; hamarosan &#8230; [\/vc_column_text][\/vc_column][\/vc_row]","og_url":"https:\/\/mozi.artemispaint.com\/taborok\/","og_site_name":"Mozi Art","article_modified_time":"2022-02-01T09:32:49+00:00","twitter_card":"summary_large_image","twitter_misc":{"Becs\u00fclt olvas\u00e1si id\u0151":"1 perc"},"schema":{"@context":"https:\/\/schema.org","@graph":[{"@type":"WebSite","@id":"https:\/\/mozi.artemispaint.com\/#website","url":"https:\/\/mozi.artemispaint.com\/","name":"Mozi Art","description":"Egy \u00fajabb WordPress honlap","potentialAction":[{"@type":"SearchAction","target":{"@type":"EntryPoint","urlTemplate":"https:\/\/mozi.artemispaint.com\/?s={search_term_string}"},"query-input":"required name=search_term_string"}],"inLanguage":"hu"},{"@type":"WebPage","@id":"https:\/\/mozi.artemispaint.com\/taborok\/#webpage","url":"https:\/\/mozi.artemispaint.com\/taborok\/","name":"T\u00e1borok - Mozi Art","isPartOf":{"@id":"https:\/\/mozi.artemispaint.com\/#website"},"datePublished":"2022-01-12T15:04:46+00:00","dateModified":"2022-02-01T09:32:49+00:00","breadcrumb":{"@id":"https:\/\/mozi.artemispaint.com\/taborok\/#breadcrumb"},"inLanguage":"hu","potentialAction":[{"@type":"ReadAction","target":["https:\/\/mozi.artemispaint.com\/taborok\/"]}]},{"@type":"BreadcrumbList","@id":"https:\/\/mozi.artemispaint.com\/taborok\/#breadcrumb","itemListElement":[{"@type":"ListItem","position":1,"name":"Home","item":"https:\/\/mozi.artemispaint.com\/hu\/"},{"@type":"ListItem","position":2,"name":"T\u00e1borok"}]}]}},"_links":{"self":[{"href":"https:\/\/mozi.artemispaint.com\/hu\/wp-json\/wp\/v2\/pages\/2","targetHints":{"allow":["GET"]}}],"collection":[{"href":"https:\/\/mozi.artemispaint.com\/hu\/wp-json\/wp\/v2\/pages"}],"about":[{"href":"https:\/\/mozi.artemispaint.com\/hu\/wp-json\/wp\/v2\/types\/page"}],"author":[{"embeddable":true,"href":"https:\/\/mozi.artemispaint.com\/hu\/wp-json\/wp\/v2\/users\/1"}],"replies":[{"embeddable":true,"href":"https:\/\/mozi.artemispaint.com\/hu\/wp-json\/wp\/v2\/comments?post=2"}],"version-history":[{"count":1,"href":"https:\/\/mozi.artemispaint.com\/hu\/wp-json\/wp\/v2\/pages\/2\/revisions"}],"predecessor-version":[{"id":1746,"href":"https:\/\/mozi.artemispaint.com\/hu\/wp-json\/wp\/v2\/pages\/2\/revisions\/1746"}],"wp:attachment":[{"href":"https:\/\/mozi.artemispaint.com\/hu\/wp-json\/wp\/v2\/media?parent=2"}],"curies":[{"name":"wp","href":"https:\/\/api.w.org\/{rel}","templated":true}]}}