{"id":1761,"date":"2022-02-01T09:39:02","date_gmt":"2022-02-01T09:39:02","guid":{"rendered":"https:\/\/mozi.artemispaint.com\/?page_id=1761"},"modified":"2022-02-18T10:26:23","modified_gmt":"2022-02-18T10:26:23","slug":"rolam","status":"publish","type":"page","link":"https:\/\/mozi.artemispaint.com\/hu\/rolam\/","title":{"rendered":"R\u00f3lam"},"content":{"rendered":"<p>[vc_row][vc_column][vc_column_text]<\/p>\n<p style=\"text-align: justify;\"><strong>Tank Erzs\u00e9bet, k\u00e9pz\u0151-, \u00e9s n\u00e9pm\u0171v\u00e9sz vagyok.<\/strong><\/p>\n<p style=\"text-align: justify;\">Pedag\u00f3gusk\u00e9nt fontosnak tartom a j\u00f6v\u0151 gener\u00e1ci\u00f3j\u00e1nak \u00e1tadni mindazt a tud\u00e1st, amelyet hossz\u00fa \u00e9vek sor\u00e1n saj\u00e1t\u00edtottam el. Ebb\u0151l a c\u00e9lb\u00f3l \u00e9vr\u0151l \u00e9vre szervezek gyerekt\u00e1borokat, tematikus foglalkoz\u00e1sokat, feln\u0151tteknek workshopokat.<\/p>\n<p style=\"text-align: justify;\">A k\u00fcl\u00f6nf\u00e9le technik\u00e1k megismer\u00e9s\u00e9vel gyarapodik a tud\u00e1s, fejl\u0151dik a sz\u00e9p\u00e9rz\u00e9k \u00e9s k\u00e9z\u00fcgyess\u00e9g.<\/p>\n<p>[\/vc_column_text][\/vc_column][\/vc_row]<\/p>\n","protected":false},"excerpt":{"rendered":"<p>[vc_row][vc_column][vc_column_text] Tank Erzs\u00e9bet, k\u00e9pz\u0151-, \u00e9s n\u00e9pm\u0171v\u00e9sz vagyok. Pedag\u00f3gusk\u00e9nt fontosnak tartom a j\u00f6v\u0151 gener\u00e1ci\u00f3j\u00e1nak \u00e1tadni mindazt a tud\u00e1st, amelyet hossz\u00fa \u00e9vek sor\u00e1n saj\u00e1t\u00edtottam el. Ebb\u0151l a c\u00e9lb\u00f3l \u00e9vr\u0151l \u00e9vre szervezek gyerekt\u00e1borokat, tematikus foglalkoz\u00e1sokat, feln\u0151tteknek workshopokat. A k\u00fcl\u00f6nf\u00e9le technik\u00e1k megismer\u00e9s\u00e9vel gyarapodik a tud\u00e1s, fejl\u0151dik a sz\u00e9p\u00e9rz\u00e9k \u00e9s k\u00e9z\u00fcgyess\u00e9g. [\/vc_column_text][\/vc_column][\/vc_row]<\/p>\n","protected":false},"author":1,"featured_media":0,"parent":0,"menu_order":0,"comment_status":"closed","ping_status":"open","template":"","meta":{"footnotes":""},"class_list":["post-1761","page","type-page","status-publish","hentry"],"yoast_head":"<!-- This site is optimized with the Yoast SEO Premium plugin v17.2 (Yoast SEO v17.2) - https:\/\/yoast.com\/wordpress\/plugins\/seo\/ -->\n<title>R\u00f3lam - Mozi Art<\/title>\n<meta name=\"robots\" content=\"index, follow, max-snippet:-1, max-image-preview:large, max-video-preview:-1\" \/>\n<link rel=\"canonical\" href=\"https:\/\/mozi.artemispaint.com\/hu\/rolam\/\" \/>\n<meta property=\"og:locale\" content=\"hu_HU\" \/>\n<meta property=\"og:type\" content=\"article\" \/>\n<meta property=\"og:title\" content=\"R\u00f3lam\" \/>\n<meta property=\"og:description\" content=\"[vc_row][vc_column][vc_column_text] Tank Erzs\u00e9bet, k\u00e9pz\u0151-, \u00e9s n\u00e9pm\u0171v\u00e9sz vagyok. Pedag\u00f3gusk\u00e9nt fontosnak tartom a j\u00f6v\u0151 gener\u00e1ci\u00f3j\u00e1nak \u00e1tadni mindazt a tud\u00e1st, amelyet hossz\u00fa \u00e9vek sor\u00e1n saj\u00e1t\u00edtottam el. Ebb\u0151l a c\u00e9lb\u00f3l \u00e9vr\u0151l \u00e9vre szervezek gyerekt\u00e1borokat, tematikus foglalkoz\u00e1sokat, feln\u0151tteknek workshopokat. A k\u00fcl\u00f6nf\u00e9le technik\u00e1k megismer\u00e9s\u00e9vel gyarapodik a tud\u00e1s, fejl\u0151dik a sz\u00e9p\u00e9rz\u00e9k \u00e9s k\u00e9z\u00fcgyess\u00e9g. [\/vc_column_text][\/vc_column][\/vc_row]\" \/>\n<meta property=\"og:url\" content=\"https:\/\/mozi.artemispaint.com\/hu\/rolam\/\" \/>\n<meta property=\"og:site_name\" content=\"Mozi Art\" \/>\n<meta property=\"article:modified_time\" content=\"2022-02-18T10:26:23+00:00\" \/>\n<meta name=\"twitter:card\" content=\"summary_large_image\" \/>\n<meta name=\"twitter:label1\" content=\"Becs\u00fclt olvas\u00e1si id\u0151\" \/>\n\t<meta name=\"twitter:data1\" content=\"1 perc\" \/>\n<script type=\"application\/ld+json\" class=\"yoast-schema-graph\">{\"@context\":\"https:\/\/schema.org\",\"@graph\":[{\"@type\":\"WebSite\",\"@id\":\"https:\/\/mozi.artemispaint.com\/#website\",\"url\":\"https:\/\/mozi.artemispaint.com\/\",\"name\":\"Mozi Art\",\"description\":\"Egy \\u00fajabb WordPress honlap\",\"potentialAction\":[{\"@type\":\"SearchAction\",\"target\":{\"@type\":\"EntryPoint\",\"urlTemplate\":\"https:\/\/mozi.artemispaint.com\/?s={search_term_string}\"},\"query-input\":\"required name=search_term_string\"}],\"inLanguage\":\"hu\"},{\"@type\":\"WebPage\",\"@id\":\"https:\/\/mozi.artemispaint.com\/hu\/rolam\/#webpage\",\"url\":\"https:\/\/mozi.artemispaint.com\/hu\/rolam\/\",\"name\":\"R\\u00f3lam - Mozi Art\",\"isPartOf\":{\"@id\":\"https:\/\/mozi.artemispaint.com\/#website\"},\"datePublished\":\"2022-02-01T09:39:02+00:00\",\"dateModified\":\"2022-02-18T10:26:23+00:00\",\"breadcrumb\":{\"@id\":\"https:\/\/mozi.artemispaint.com\/hu\/rolam\/#breadcrumb\"},\"inLanguage\":\"hu\",\"potentialAction\":[{\"@type\":\"ReadAction\",\"target\":[\"https:\/\/mozi.artemispaint.com\/hu\/rolam\/\"]}]},{\"@type\":\"BreadcrumbList\",\"@id\":\"https:\/\/mozi.artemispaint.com\/hu\/rolam\/#breadcrumb\",\"itemListElement\":[{\"@type\":\"ListItem\",\"position\":1,\"name\":\"Home\",\"item\":\"https:\/\/mozi.artemispaint.com\/hu\/\"},{\"@type\":\"ListItem\",\"position\":2,\"name\":\"R\\u00f3lam\"}]}]}<\/script>\n<!-- \/ Yoast SEO Premium plugin. -->","yoast_head_json":{"title":"R\u00f3lam - Mozi Art","robots":{"index":"index","follow":"follow","max-snippet":"max-snippet:-1","max-image-preview":"max-image-preview:large","max-video-preview":"max-video-preview:-1"},"canonical":"https:\/\/mozi.artemispaint.com\/hu\/rolam\/","og_locale":"hu_HU","og_type":"article","og_title":"R\u00f3lam","og_description":"[vc_row][vc_column][vc_column_text] Tank Erzs\u00e9bet, k\u00e9pz\u0151-, \u00e9s n\u00e9pm\u0171v\u00e9sz vagyok. Pedag\u00f3gusk\u00e9nt fontosnak tartom a j\u00f6v\u0151 gener\u00e1ci\u00f3j\u00e1nak \u00e1tadni mindazt a tud\u00e1st, amelyet hossz\u00fa \u00e9vek sor\u00e1n saj\u00e1t\u00edtottam el. Ebb\u0151l a c\u00e9lb\u00f3l \u00e9vr\u0151l \u00e9vre szervezek gyerekt\u00e1borokat, tematikus foglalkoz\u00e1sokat, feln\u0151tteknek workshopokat. A k\u00fcl\u00f6nf\u00e9le technik\u00e1k megismer\u00e9s\u00e9vel gyarapodik a tud\u00e1s, fejl\u0151dik a sz\u00e9p\u00e9rz\u00e9k \u00e9s k\u00e9z\u00fcgyess\u00e9g. [\/vc_column_text][\/vc_column][\/vc_row]","og_url":"https:\/\/mozi.artemispaint.com\/hu\/rolam\/","og_site_name":"Mozi Art","article_modified_time":"2022-02-18T10:26:23+00:00","twitter_card":"summary_large_image","twitter_misc":{"Becs\u00fclt olvas\u00e1si id\u0151":"1 perc"},"schema":{"@context":"https:\/\/schema.org","@graph":[{"@type":"WebSite","@id":"https:\/\/mozi.artemispaint.com\/#website","url":"https:\/\/mozi.artemispaint.com\/","name":"Mozi Art","description":"Egy \u00fajabb WordPress honlap","potentialAction":[{"@type":"SearchAction","target":{"@type":"EntryPoint","urlTemplate":"https:\/\/mozi.artemispaint.com\/?s={search_term_string}"},"query-input":"required name=search_term_string"}],"inLanguage":"hu"},{"@type":"WebPage","@id":"https:\/\/mozi.artemispaint.com\/hu\/rolam\/#webpage","url":"https:\/\/mozi.artemispaint.com\/hu\/rolam\/","name":"R\u00f3lam - Mozi Art","isPartOf":{"@id":"https:\/\/mozi.artemispaint.com\/#website"},"datePublished":"2022-02-01T09:39:02+00:00","dateModified":"2022-02-18T10:26:23+00:00","breadcrumb":{"@id":"https:\/\/mozi.artemispaint.com\/hu\/rolam\/#breadcrumb"},"inLanguage":"hu","potentialAction":[{"@type":"ReadAction","target":["https:\/\/mozi.artemispaint.com\/hu\/rolam\/"]}]},{"@type":"BreadcrumbList","@id":"https:\/\/mozi.artemispaint.com\/hu\/rolam\/#breadcrumb","itemListElement":[{"@type":"ListItem","position":1,"name":"Home","item":"https:\/\/mozi.artemispaint.com\/hu\/"},{"@type":"ListItem","position":2,"name":"R\u00f3lam"}]}]}},"_links":{"self":[{"href":"https:\/\/mozi.artemispaint.com\/hu\/wp-json\/wp\/v2\/pages\/1761","targetHints":{"allow":["GET"]}}],"collection":[{"href":"https:\/\/mozi.artemispaint.com\/hu\/wp-json\/wp\/v2\/pages"}],"about":[{"href":"https:\/\/mozi.artemispaint.com\/hu\/wp-json\/wp\/v2\/types\/page"}],"author":[{"embeddable":true,"href":"https:\/\/mozi.artemispaint.com\/hu\/wp-json\/wp\/v2\/users\/1"}],"replies":[{"embeddable":true,"href":"https:\/\/mozi.artemispaint.com\/hu\/wp-json\/wp\/v2\/comments?post=1761"}],"version-history":[{"count":2,"href":"https:\/\/mozi.artemispaint.com\/hu\/wp-json\/wp\/v2\/pages\/1761\/revisions"}],"predecessor-version":[{"id":1811,"href":"https:\/\/mozi.artemispaint.com\/hu\/wp-json\/wp\/v2\/pages\/1761\/revisions\/1811"}],"wp:attachment":[{"href":"https:\/\/mozi.artemispaint.com\/hu\/wp-json\/wp\/v2\/media?parent=1761"}],"curies":[{"name":"wp","href":"https:\/\/api.w.org\/{rel}","templated":true}]}}